{"id":11499,"date":"2023-10-05T16:05:57","date_gmt":"2023-10-05T20:05:57","guid":{"rendered":"http:\/\/www.fona.gob.ve\/?page_id=11499"},"modified":"2023-10-05T16:06:41","modified_gmt":"2023-10-05T20:06:41","slug":"encuesta","status":"publish","type":"page","link":"https:\/\/www.fona.gob.ve\/index.php\/encuesta\/","title":{"rendered":"Encuesta"},"content":{"rendered":"\t\t<div data-elementor-type=\"wp-page\" data-elementor-id=\"11499\" class=\"elementor elementor-11499\" data-elementor-post-type=\"page\">\n\t\t\t\t\t\t<section class=\"elementor-section elementor-top-section elementor-element elementor-element-d9e513b elementor-section-boxed elementor-section-height-default elementor-section-height-default\" data-id=\"d9e513b\" data-element_type=\"section\">\n\t\t\t\t\t\t<div class=\"elementor-container elementor-column-gap-default\">\n\t\t\t\t\t<div class=\"elementor-column elementor-col-100 elementor-top-column elementor-element elementor-element-59053d7\" data-id=\"59053d7\" data-element_type=\"column\">\n\t\t\t<div class=\"elementor-widget-wrap elementor-element-populated\">\n\t\t\t\t\t\t<div class=\"elementor-element elementor-element-bc56985 elementor-widget elementor-widget-wpforms\" data-id=\"bc56985\" data-element_type=\"widget\" data-widget_type=\"wpforms.default\">\n\t\t\t\t<div class=\"elementor-widget-container\">\n\t\t\t<div class=\"wpforms-container wpforms-container-full\" id=\"wpforms-11498\"><form id=\"wpforms-form-11498\" class=\"wpforms-validate wpforms-form\" data-formid=\"11498\" method=\"post\" enctype=\"multipart\/form-data\" action=\"\/index.php\/wp-json\/wp\/v2\/pages\/11499\" data-token=\"7bb8f901ed52235e44cea511109221be\"><noscript class=\"wpforms-error-noscript\">Por favor, activa JavaScript en tu navegador para completar este formulario.<\/noscript><div class=\"wpforms-field-container\"><div id=\"wpforms-11498-field_23-container\" class=\"wpforms-field wpforms-field-name\" data-field-id=\"23\"><label class=\"wpforms-field-label\" for=\"wpforms-11498-field_23\">Datos del Contribuyente Raz\u00f3n Social:  <span class=\"wpforms-required-label\">*<\/span><\/label><input type=\"text\" id=\"wpforms-11498-field_23\" class=\"wpforms-field-medium wpforms-field-required\" name=\"wpforms[fields][23]\" required><\/div><div id=\"wpforms-11498-field_24-container\" class=\"wpforms-field wpforms-field-number\" data-field-id=\"24\"><label class=\"wpforms-field-label\" for=\"wpforms-11498-field_24\">Rif <span class=\"wpforms-required-label\">*<\/span><\/label><input type=\"number\" pattern=\"\\d*\" id=\"wpforms-11498-field_24\" class=\"wpforms-field-medium wpforms-field-required\" name=\"wpforms[fields][24]\" required><\/div><div id=\"wpforms-11498-field_25-container\" class=\"wpforms-field wpforms-field-phone\" data-field-id=\"25\"><label class=\"wpforms-field-label\" for=\"wpforms-11498-field_25\">Tel\u00e9fono <span class=\"wpforms-required-label\">*<\/span><\/label><input type=\"tel\" id=\"wpforms-11498-field_25\" class=\"wpforms-field-medium wpforms-field-required wpforms-smart-phone-field\" data-rule-smart-phone-field=\"true\" name=\"wpforms[fields][25]\" required><\/div><div id=\"wpforms-11498-field_26-container\" class=\"wpforms-field wpforms-field-address\" data-field-id=\"26\"><label class=\"wpforms-field-label\" for=\"wpforms-11498-field_26\">Direcci\u00f3n  <span class=\"wpforms-required-label\">*<\/span><\/label><div class=\"wpforms-field-row wpforms-field-medium\"><div ><input type=\"text\" id=\"wpforms-11498-field_26\" class=\"wpforms-field-address-address1 wpforms-field-required\" name=\"wpforms[fields][26][address1]\" required><label for=\"wpforms-11498-field_26\" class=\"wpforms-field-sublabel after \">Direcci\u00f3n (l\u00ednea 1)<\/label><\/div><\/div><div class=\"wpforms-field-row wpforms-field-medium\"><div class=\"wpforms-field-row-block wpforms-one-half wpforms-first\"><input type=\"text\" id=\"wpforms-11498-field_26-city\" class=\"wpforms-field-address-city wpforms-field-required\" name=\"wpforms[fields][26][city]\" required><label for=\"wpforms-11498-field_26-city\" class=\"wpforms-field-sublabel after \">Ciudad<\/label><\/div><div class=\"wpforms-field-row-block wpforms-one-half\"><input type=\"text\" id=\"wpforms-11498-field_26-state\" class=\"wpforms-field-address-state wpforms-field-required\" name=\"wpforms[fields][26][state]\" required><label for=\"wpforms-11498-field_26-state\" class=\"wpforms-field-sublabel after \">Estado \/ Provincia \/ Regi\u00f3n<\/label><\/div><\/div><\/div><div id=\"wpforms-11498-field_3-container\" class=\"wpforms-field wpforms-field-name\" data-field-id=\"3\"><label class=\"wpforms-field-label\" for=\"wpforms-11498-field_3\">Nombre del encuestado <span class=\"wpforms-required-label\">*<\/span><\/label><div class=\"wpforms-field-row wpforms-field-medium\"><div class=\"wpforms-field-row-block wpforms-first wpforms-one-half\"><input type=\"text\" id=\"wpforms-11498-field_3\" class=\"wpforms-field-name-first wpforms-field-required\" name=\"wpforms[fields][3][first]\" required><label for=\"wpforms-11498-field_3\" class=\"wpforms-field-sublabel after \">Nombre<\/label><\/div><div class=\"wpforms-field-row-block wpforms-one-half\"><input type=\"text\" id=\"wpforms-11498-field_3-last\" class=\"wpforms-field-name-last wpforms-field-required\" name=\"wpforms[fields][3][last]\" required><label for=\"wpforms-11498-field_3-last\" class=\"wpforms-field-sublabel after \">Apellidos<\/label><\/div><\/div><\/div><div id=\"wpforms-11498-field_4-container\" class=\"wpforms-field wpforms-field-number\" data-field-id=\"4\"><label class=\"wpforms-field-label\" for=\"wpforms-11498-field_4\">C\u00e9dula de Identidad  <span class=\"wpforms-required-label\">*<\/span><\/label><input type=\"number\" pattern=\"\\d*\" id=\"wpforms-11498-field_4\" class=\"wpforms-field-small wpforms-field-required\" name=\"wpforms[fields][4]\" required><\/div><div id=\"wpforms-11498-field_5-container\" class=\"wpforms-field wpforms-field-email\" data-field-id=\"5\"><label class=\"wpforms-field-label\" for=\"wpforms-11498-field_5\">Correo electr\u00f3nico <span class=\"wpforms-required-label\">*<\/span><\/label><input type=\"email\" id=\"wpforms-11498-field_5\" class=\"wpforms-field-medium wpforms-field-required\" name=\"wpforms[fields][5]\" required><\/div><div id=\"wpforms-11498-field_6-container\" class=\"wpforms-field wpforms-field-phone\" data-field-id=\"6\"><label class=\"wpforms-field-label\" for=\"wpforms-11498-field_6\">Tel\u00e9fono <span class=\"wpforms-required-label\">*<\/span><\/label><input type=\"tel\" id=\"wpforms-11498-field_6\" class=\"wpforms-field-medium wpforms-field-required wpforms-smart-phone-field\" data-rule-smart-phone-field=\"true\" name=\"wpforms[fields][6]\" required><\/div><div id=\"wpforms-11498-field_12-container\" class=\"wpforms-field wpforms-field-radio wpforms-list-inline\" data-field-id=\"12\"><label class=\"wpforms-field-label\" for=\"wpforms-11498-field_12\">\u00bfSolucion\u00f3 las dudas o inquietudes generadas en cuanto al uso del sistema para efectuar el registro de usuario? <span class=\"wpforms-required-label\">*<\/span><\/label><ul id=\"wpforms-11498-field_12\" class=\"wpforms-field-required\"><li class=\"choice-1 depth-1\"><input type=\"radio\" id=\"wpforms-11498-field_12_1\" name=\"wpforms[fields][12]\" value=\"Si\" required ><label class=\"wpforms-field-label-inline\" for=\"wpforms-11498-field_12_1\">Si<\/label><\/li><li class=\"choice-2 depth-1\"><input type=\"radio\" id=\"wpforms-11498-field_12_2\" name=\"wpforms[fields][12]\" value=\"No\" required ><label class=\"wpforms-field-label-inline\" for=\"wpforms-11498-field_12_2\">No<\/label><\/li><\/ul><\/div><div id=\"wpforms-11498-field_13-container\" class=\"wpforms-field wpforms-field-radio wpforms-list-inline\" data-field-id=\"13\"><label class=\"wpforms-field-label\" for=\"wpforms-11498-field_13\">\u00bfSu empresa tiene m\u00e1s de 50 trabajadores? <span class=\"wpforms-required-label\">*<\/span><\/label><ul id=\"wpforms-11498-field_13\" class=\"wpforms-field-required\"><li class=\"choice-1 depth-1\"><input type=\"radio\" id=\"wpforms-11498-field_13_1\" name=\"wpforms[fields][13]\" value=\"Si\" required ><label class=\"wpforms-field-label-inline\" for=\"wpforms-11498-field_13_1\">Si<\/label><\/li><li class=\"choice-2 depth-1\"><input type=\"radio\" id=\"wpforms-11498-field_13_2\" name=\"wpforms[fields][13]\" value=\"No\" required ><label class=\"wpforms-field-label-inline\" for=\"wpforms-11498-field_13_2\">No<\/label><\/li><\/ul><\/div><div id=\"wpforms-11498-field_14-container\" class=\"wpforms-field wpforms-field-radio wpforms-list-inline\" data-field-id=\"14\"><label class=\"wpforms-field-label\" for=\"wpforms-11498-field_14\">\u00bfSolvento las incertidumbres o inquietudes generadas en cuanto al uso del sistema? <span class=\"wpforms-required-label\">*<\/span><\/label><ul id=\"wpforms-11498-field_14\" class=\"wpforms-field-required\"><li class=\"choice-1 depth-1\"><input type=\"radio\" id=\"wpforms-11498-field_14_1\" name=\"wpforms[fields][14]\" value=\"Si\" required ><label class=\"wpforms-field-label-inline\" for=\"wpforms-11498-field_14_1\">Si<\/label><\/li><li class=\"choice-2 depth-1\"><input type=\"radio\" id=\"wpforms-11498-field_14_2\" name=\"wpforms[fields][14]\" value=\"No\" required ><label class=\"wpforms-field-label-inline\" for=\"wpforms-11498-field_14_2\">No<\/label><\/li><\/ul><\/div><div id=\"wpforms-11498-field_15-container\" class=\"wpforms-field wpforms-field-radio wpforms-list-inline\" data-field-id=\"15\"><label class=\"wpforms-field-label\" for=\"wpforms-11498-field_15\">\u00bfSoluciono las dudas o inquietudes generadas en cuanto al uso del sistema para efectuar la declaraci\u00f3n <span class=\"wpforms-required-label\">*<\/span><\/label><ul id=\"wpforms-11498-field_15\" class=\"wpforms-field-required\"><li class=\"choice-1 depth-1\"><input type=\"radio\" id=\"wpforms-11498-field_15_1\" name=\"wpforms[fields][15]\" value=\"Si\" required ><label class=\"wpforms-field-label-inline\" for=\"wpforms-11498-field_15_1\">Si<\/label><\/li><li class=\"choice-2 depth-1\"><input type=\"radio\" id=\"wpforms-11498-field_15_2\" name=\"wpforms[fields][15]\" value=\"No\" required ><label class=\"wpforms-field-label-inline\" for=\"wpforms-11498-field_15_2\">No<\/label><\/li><\/ul><\/div><div id=\"wpforms-11498-field_16-container\" class=\"wpforms-field wpforms-field-radio wpforms-list-inline\" data-field-id=\"16\"><label class=\"wpforms-field-label\" for=\"wpforms-11498-field_16\">\u00bfSolvento las incertidumbres o inquietudes generadas en cuanto al uso del sistema para efectuar la declaraci\u00f3n en cero?  <span class=\"wpforms-required-label\">*<\/span><\/label><ul id=\"wpforms-11498-field_16\" class=\"wpforms-field-required\"><li class=\"choice-1 depth-1\"><input type=\"radio\" id=\"wpforms-11498-field_16_1\" name=\"wpforms[fields][16]\" value=\"Si\" required ><label class=\"wpforms-field-label-inline\" for=\"wpforms-11498-field_16_1\">Si<\/label><\/li><li class=\"choice-2 depth-1\"><input type=\"radio\" id=\"wpforms-11498-field_16_2\" name=\"wpforms[fields][16]\" value=\"No\" required ><label class=\"wpforms-field-label-inline\" for=\"wpforms-11498-field_16_2\">No<\/label><\/li><\/ul><\/div><div id=\"wpforms-11498-field_17-container\" class=\"wpforms-field wpforms-field-radio wpforms-list-inline\" data-field-id=\"17\"><label class=\"wpforms-field-label\" for=\"wpforms-11498-field_17\">\u00bfSolucion\u00f3 las dudas o inquietudes generadas en cuanto al uso del sistema para efectuar el enteramiento del pago?  <span class=\"wpforms-required-label\">*<\/span><\/label><ul id=\"wpforms-11498-field_17\" class=\"wpforms-field-required\"><li class=\"choice-1 depth-1\"><input type=\"radio\" id=\"wpforms-11498-field_17_1\" name=\"wpforms[fields][17]\" value=\"Si\" required ><label class=\"wpforms-field-label-inline\" for=\"wpforms-11498-field_17_1\">Si<\/label><\/li><li class=\"choice-2 depth-1\"><input type=\"radio\" id=\"wpforms-11498-field_17_2\" name=\"wpforms[fields][17]\" value=\"No\" required ><label class=\"wpforms-field-label-inline\" for=\"wpforms-11498-field_17_2\">No<\/label><\/li><\/ul><\/div><div id=\"wpforms-11498-field_18-container\" class=\"wpforms-field wpforms-field-radio wpforms-list-inline\" data-field-id=\"18\"><label class=\"wpforms-field-label\" for=\"wpforms-11498-field_18\">Cu\u00e1ndo ha sido atendido telef\u00f3nicamente a trav\u00e9s de los n\u00fameros de contacto de la Direcci\u00f3n de Recaudaci\u00f3n, el proceso ha sido: <span class=\"wpforms-required-label\">*<\/span><\/label><ul id=\"wpforms-11498-field_18\" class=\"wpforms-field-required\"><li class=\"choice-1 depth-1\"><input type=\"radio\" id=\"wpforms-11498-field_18_1\" name=\"wpforms[fields][18]\" value=\"Satisfactorio\" required ><label class=\"wpforms-field-label-inline\" for=\"wpforms-11498-field_18_1\">Satisfactorio<\/label><\/li><li class=\"choice-2 depth-1\"><input type=\"radio\" id=\"wpforms-11498-field_18_2\" name=\"wpforms[fields][18]\" value=\"Deficiente\" required ><label class=\"wpforms-field-label-inline\" for=\"wpforms-11498-field_18_2\">Deficiente<\/label><\/li><li class=\"choice-4 depth-1\"><input type=\"radio\" id=\"wpforms-11498-field_18_4\" name=\"wpforms[fields][18]\" value=\" No Resuelto \" required ><label class=\"wpforms-field-label-inline\" for=\"wpforms-11498-field_18_4\"> No Resuelto <\/label><\/li><\/ul><\/div><div id=\"wpforms-11498-field_19-container\" class=\"wpforms-field wpforms-field-radio wpforms-list-inline\" data-field-id=\"19\"><label class=\"wpforms-field-label\" for=\"wpforms-11498-field_19\">Cu\u00e1ndo ha sido atendido personalmente en la Oficina de la Direcci\u00f3n de Recaudaci\u00f3n, el proceso ha sido: <span class=\"wpforms-required-label\">*<\/span><\/label><ul id=\"wpforms-11498-field_19\" class=\"wpforms-field-required\"><li class=\"choice-1 depth-1\"><input type=\"radio\" id=\"wpforms-11498-field_19_1\" name=\"wpforms[fields][19]\" value=\"Satisfactorio\" required ><label class=\"wpforms-field-label-inline\" for=\"wpforms-11498-field_19_1\">Satisfactorio<\/label><\/li><li class=\"choice-2 depth-1\"><input type=\"radio\" id=\"wpforms-11498-field_19_2\" name=\"wpforms[fields][19]\" value=\"Deficiente\" required ><label class=\"wpforms-field-label-inline\" for=\"wpforms-11498-field_19_2\">Deficiente<\/label><\/li><li class=\"choice-4 depth-1\"><input type=\"radio\" id=\"wpforms-11498-field_19_4\" name=\"wpforms[fields][19]\" value=\" No Resuelto \" required ><label class=\"wpforms-field-label-inline\" for=\"wpforms-11498-field_19_4\"> No Resuelto <\/label><\/li><\/ul><\/div><div id=\"wpforms-11498-field_20-container\" class=\"wpforms-field wpforms-field-radio wpforms-list-inline\" data-field-id=\"20\"><label class=\"wpforms-field-label\" for=\"wpforms-11498-field_20\">Cuando ha sido atendido personalmente en la Oficina de la Direcci\u00f3n de Recaudaci\u00f3n, el tiempo de espera ha sido:  <span class=\"wpforms-required-label\">*<\/span><\/label><ul id=\"wpforms-11498-field_20\" class=\"wpforms-field-required\"><li class=\"choice-1 depth-1\"><input type=\"radio\" id=\"wpforms-11498-field_20_1\" name=\"wpforms[fields][20]\" value=\"10 min \" required ><label class=\"wpforms-field-label-inline\" for=\"wpforms-11498-field_20_1\">10 min <\/label><\/li><li class=\"choice-2 depth-1\"><input type=\"radio\" id=\"wpforms-11498-field_20_2\" name=\"wpforms[fields][20]\" value=\"20 min\" required ><label class=\"wpforms-field-label-inline\" for=\"wpforms-11498-field_20_2\">20 min<\/label><\/li><li class=\"choice-4 depth-1\"><input type=\"radio\" id=\"wpforms-11498-field_20_4\" name=\"wpforms[fields][20]\" value=\"30 min\" required ><label class=\"wpforms-field-label-inline\" for=\"wpforms-11498-field_20_4\">30 min<\/label><\/li><li class=\"choice-6 depth-1\"><input type=\"radio\" id=\"wpforms-11498-field_20_6\" name=\"wpforms[fields][20]\" value=\"1 hora\" required ><label class=\"wpforms-field-label-inline\" for=\"wpforms-11498-field_20_6\">1 hora<\/label><\/li><li class=\"choice-5 depth-1\"><input type=\"radio\" id=\"wpforms-11498-field_20_5\" name=\"wpforms[fields][20]\" value=\"m\u00e1s de 1 hora \" required ><label class=\"wpforms-field-label-inline\" for=\"wpforms-11498-field_20_5\">m\u00e1s de 1 hora <\/label><\/li><\/ul><\/div><div id=\"wpforms-11498-field_21-container\" class=\"wpforms-field wpforms-field-radio wpforms-list-inline\" data-field-id=\"21\"><label class=\"wpforms-field-label\" for=\"wpforms-11498-field_21\">Cu\u00e1ndo ha sido atendido v\u00eda correo electr\u00f3nico de la Direcci\u00f3n de Recaudaci\u00f3n, el proceso ha sido:  <span class=\"wpforms-required-label\">*<\/span><\/label><ul id=\"wpforms-11498-field_21\" class=\"wpforms-field-required\"><li class=\"choice-1 depth-1\"><input type=\"radio\" id=\"wpforms-11498-field_21_1\" name=\"wpforms[fields][21]\" value=\"Satisfactorio\" required ><label class=\"wpforms-field-label-inline\" for=\"wpforms-11498-field_21_1\">Satisfactorio<\/label><\/li><li class=\"choice-2 depth-1\"><input type=\"radio\" id=\"wpforms-11498-field_21_2\" name=\"wpforms[fields][21]\" value=\"Deficiente\" required ><label class=\"wpforms-field-label-inline\" for=\"wpforms-11498-field_21_2\">Deficiente<\/label><\/li><li class=\"choice-4 depth-1\"><input type=\"radio\" id=\"wpforms-11498-field_21_4\" name=\"wpforms[fields][21]\" value=\" No Resuelto \" required ><label class=\"wpforms-field-label-inline\" for=\"wpforms-11498-field_21_4\"> No Resuelto <\/label><\/li><\/ul><\/div><\/div><div class=\"wpforms-submit-container\" ><input type=\"hidden\" name=\"wpforms[id]\" value=\"11498\"><input type=\"hidden\" name=\"wpforms[author]\" value=\"1\"><button type=\"submit\" name=\"wpforms[submit]\" class=\"wpforms-submit \" id=\"wpforms-submit-11498\" value=\"wpforms-submit\" aria-live=\"assertive\" data-alt-text=\"Enviando...\" data-submit-text=\"Enviar\">Enviar<\/button><\/div><\/form><\/div>  <!-- .wpforms-container -->\t\t<\/div>\n\t\t\t\t<\/div>\n\t\t\t\t\t<\/div>\n\t\t<\/div>\n\t\t\t\t\t<\/div>\n\t\t<\/section>\n\t\t\t\t<\/div>\n\t\t","protected":false},"excerpt":{"rendered":"","protected":false},"author":1,"featured_media":0,"parent":0,"menu_order":0,"comment_status":"closed","ping_status":"closed","template":"","meta":{"footnotes":""},"class_list":["post-11499","page","type-page","status-publish","hentry"],"yoast_head":"<!-- This site is optimized with the Yoast SEO plugin v26.4 - https:\/\/yoast.com\/wordpress\/plugins\/seo\/ -->\n<title>Encuesta - Fondo Nacional Antidrogas<\/title>\n<meta name=\"robots\" content=\"index, follow, max-snippet:-1, max-image-preview:large, max-video-preview:-1\" \/>\n<link rel=\"canonical\" href=\"https:\/\/www.fona.gob.ve\/index.php\/encuesta\/\" \/>\n<meta property=\"og:locale\" content=\"es_ES\" \/>\n<meta property=\"og:type\" content=\"article\" \/>\n<meta property=\"og:title\" content=\"Encuesta - Fondo Nacional Antidrogas\" \/>\n<meta property=\"og:url\" content=\"https:\/\/www.fona.gob.ve\/index.php\/encuesta\/\" \/>\n<meta property=\"og:site_name\" content=\"Fondo Nacional Antidrogas\" \/>\n<meta property=\"article:modified_time\" content=\"2023-10-05T20:06:41+00:00\" \/>\n<meta name=\"twitter:card\" content=\"summary_large_image\" \/>\n<script type=\"application\/ld+json\" class=\"yoast-schema-graph\">{\"@context\":\"https:\/\/schema.org\",\"@graph\":[{\"@type\":\"WebPage\",\"@id\":\"https:\/\/www.fona.gob.ve\/index.php\/encuesta\/\",\"url\":\"https:\/\/www.fona.gob.ve\/index.php\/encuesta\/\",\"name\":\"Encuesta - Fondo Nacional Antidrogas\",\"isPartOf\":{\"@id\":\"https:\/\/www.fona.gob.ve\/#website\"},\"datePublished\":\"2023-10-05T20:05:57+00:00\",\"dateModified\":\"2023-10-05T20:06:41+00:00\",\"breadcrumb\":{\"@id\":\"https:\/\/www.fona.gob.ve\/index.php\/encuesta\/#breadcrumb\"},\"inLanguage\":\"es\",\"potentialAction\":[{\"@type\":\"ReadAction\",\"target\":[\"https:\/\/www.fona.gob.ve\/index.php\/encuesta\/\"]}]},{\"@type\":\"BreadcrumbList\",\"@id\":\"https:\/\/www.fona.gob.ve\/index.php\/encuesta\/#breadcrumb\",\"itemListElement\":[{\"@type\":\"ListItem\",\"position\":1,\"name\":\"Portada\",\"item\":\"https:\/\/www.fona.gob.ve\/\"},{\"@type\":\"ListItem\",\"position\":2,\"name\":\"Encuesta\"}]},{\"@type\":\"WebSite\",\"@id\":\"https:\/\/www.fona.gob.ve\/#website\",\"url\":\"https:\/\/www.fona.gob.ve\/\",\"name\":\"Fondo Nacional Antidrogas\",\"description\":\"Conoce las acciones, programas y pol\u00edticas del Fondo Nacional Antidrogas (FONA) orientadas a la prevenci\u00f3n, atenci\u00f3n integral y lucha contra el consumo de drogas en Venezuela. Informaci\u00f3n oficial y actualizada.\",\"publisher\":{\"@id\":\"https:\/\/www.fona.gob.ve\/#organization\"},\"potentialAction\":[{\"@type\":\"SearchAction\",\"target\":{\"@type\":\"EntryPoint\",\"urlTemplate\":\"https:\/\/www.fona.gob.ve\/?s={search_term_string}\"},\"query-input\":{\"@type\":\"PropertyValueSpecification\",\"valueRequired\":true,\"valueName\":\"search_term_string\"}}],\"inLanguage\":\"es\"},{\"@type\":\"Organization\",\"@id\":\"https:\/\/www.fona.gob.ve\/#organization\",\"name\":\"Fondo Nacional Antidrogas\",\"url\":\"https:\/\/www.fona.gob.ve\/\",\"logo\":{\"@type\":\"ImageObject\",\"inLanguage\":\"es\",\"@id\":\"https:\/\/www.fona.gob.ve\/#\/schema\/logo\/image\/\",\"url\":\"https:\/\/www.fona.gob.ve\/wp-content\/uploads\/2025\/04\/fona.jpeg\",\"contentUrl\":\"https:\/\/www.fona.gob.ve\/wp-content\/uploads\/2025\/04\/fona.jpeg\",\"width\":1200,\"height\":1200,\"caption\":\"Fondo Nacional Antidrogas\"},\"image\":{\"@id\":\"https:\/\/www.fona.gob.ve\/#\/schema\/logo\/image\/\"}}]}<\/script>\n<!-- \/ Yoast SEO plugin. -->","yoast_head_json":{"title":"Encuesta - Fondo Nacional Antidrogas","robots":{"index":"index","follow":"follow","max-snippet":"max-snippet:-1","max-image-preview":"max-image-preview:large","max-video-preview":"max-video-preview:-1"},"canonical":"https:\/\/www.fona.gob.ve\/index.php\/encuesta\/","og_locale":"es_ES","og_type":"article","og_title":"Encuesta - Fondo Nacional Antidrogas","og_url":"https:\/\/www.fona.gob.ve\/index.php\/encuesta\/","og_site_name":"Fondo Nacional Antidrogas","article_modified_time":"2023-10-05T20:06:41+00:00","twitter_card":"summary_large_image","schema":{"@context":"https:\/\/schema.org","@graph":[{"@type":"WebPage","@id":"https:\/\/www.fona.gob.ve\/index.php\/encuesta\/","url":"https:\/\/www.fona.gob.ve\/index.php\/encuesta\/","name":"Encuesta - Fondo Nacional Antidrogas","isPartOf":{"@id":"https:\/\/www.fona.gob.ve\/#website"},"datePublished":"2023-10-05T20:05:57+00:00","dateModified":"2023-10-05T20:06:41+00:00","breadcrumb":{"@id":"https:\/\/www.fona.gob.ve\/index.php\/encuesta\/#breadcrumb"},"inLanguage":"es","potentialAction":[{"@type":"ReadAction","target":["https:\/\/www.fona.gob.ve\/index.php\/encuesta\/"]}]},{"@type":"BreadcrumbList","@id":"https:\/\/www.fona.gob.ve\/index.php\/encuesta\/#breadcrumb","itemListElement":[{"@type":"ListItem","position":1,"name":"Portada","item":"https:\/\/www.fona.gob.ve\/"},{"@type":"ListItem","position":2,"name":"Encuesta"}]},{"@type":"WebSite","@id":"https:\/\/www.fona.gob.ve\/#website","url":"https:\/\/www.fona.gob.ve\/","name":"Fondo Nacional Antidrogas","description":"Conoce las acciones, programas y pol\u00edticas del Fondo Nacional Antidrogas (FONA) orientadas a la prevenci\u00f3n, atenci\u00f3n integral y lucha contra el consumo de drogas en Venezuela. Informaci\u00f3n oficial y actualizada.","publisher":{"@id":"https:\/\/www.fona.gob.ve\/#organization"},"potentialAction":[{"@type":"SearchAction","target":{"@type":"EntryPoint","urlTemplate":"https:\/\/www.fona.gob.ve\/?s={search_term_string}"},"query-input":{"@type":"PropertyValueSpecification","valueRequired":true,"valueName":"search_term_string"}}],"inLanguage":"es"},{"@type":"Organization","@id":"https:\/\/www.fona.gob.ve\/#organization","name":"Fondo Nacional Antidrogas","url":"https:\/\/www.fona.gob.ve\/","logo":{"@type":"ImageObject","inLanguage":"es","@id":"https:\/\/www.fona.gob.ve\/#\/schema\/logo\/image\/","url":"https:\/\/www.fona.gob.ve\/wp-content\/uploads\/2025\/04\/fona.jpeg","contentUrl":"https:\/\/www.fona.gob.ve\/wp-content\/uploads\/2025\/04\/fona.jpeg","width":1200,"height":1200,"caption":"Fondo Nacional Antidrogas"},"image":{"@id":"https:\/\/www.fona.gob.ve\/#\/schema\/logo\/image\/"}}]}},"_links":{"self":[{"href":"https:\/\/www.fona.gob.ve\/index.php\/wp-json\/wp\/v2\/pages\/11499","targetHints":{"allow":["GET"]}}],"collection":[{"href":"https:\/\/www.fona.gob.ve\/index.php\/wp-json\/wp\/v2\/pages"}],"about":[{"href":"https:\/\/www.fona.gob.ve\/index.php\/wp-json\/wp\/v2\/types\/page"}],"author":[{"embeddable":true,"href":"https:\/\/www.fona.gob.ve\/index.php\/wp-json\/wp\/v2\/users\/1"}],"replies":[{"embeddable":true,"href":"https:\/\/www.fona.gob.ve\/index.php\/wp-json\/wp\/v2\/comments?post=11499"}],"version-history":[{"count":3,"href":"https:\/\/www.fona.gob.ve\/index.php\/wp-json\/wp\/v2\/pages\/11499\/revisions"}],"predecessor-version":[{"id":11502,"href":"https:\/\/www.fona.gob.ve\/index.php\/wp-json\/wp\/v2\/pages\/11499\/revisions\/11502"}],"wp:attachment":[{"href":"https:\/\/www.fona.gob.ve\/index.php\/wp-json\/wp\/v2\/media?parent=11499"}],"curies":[{"name":"wp","href":"https:\/\/api.w.org\/{rel}","templated":true}]}}