{"id":10619,"date":"2023-03-06T10:07:46","date_gmt":"2023-03-06T14:07:46","guid":{"rendered":"http:\/\/www.fona.gob.ve\/?page_id=10619"},"modified":"2023-03-06T12:42:33","modified_gmt":"2023-03-06T16:42:33","slug":"objetivos","status":"publish","type":"page","link":"https:\/\/www.fona.gob.ve\/index.php\/objetivos\/","title":{"rendered":"Objetivos"},"content":{"rendered":"\t\t<div data-elementor-type=\"wp-page\" data-elementor-id=\"10619\" class=\"elementor elementor-10619\" data-elementor-post-type=\"page\">\n\t\t\t\t\t\t<section class=\"elementor-section elementor-top-section elementor-element elementor-element-d20e410 elementor-section-boxed elementor-section-height-default elementor-section-height-default\" data-id=\"d20e410\" data-element_type=\"section\">\n\t\t\t\t\t\t<div class=\"elementor-container elementor-column-gap-default\">\n\t\t\t\t\t<div class=\"elementor-column elementor-col-100 elementor-top-column elementor-element elementor-element-54c02de\" data-id=\"54c02de\" data-element_type=\"column\">\n\t\t\t<div class=\"elementor-widget-wrap elementor-element-populated\">\n\t\t\t\t\t\t<div class=\"elementor-element elementor-element-b537b46 elementor-widget elementor-widget-text-editor\" data-id=\"b537b46\" data-element_type=\"widget\" data-widget_type=\"text-editor.default\">\n\t\t\t\t<div class=\"elementor-widget-container\">\n\t\t\t\t\t\t\t<p><span style=\"font-weight: inherit;\" class=\"gt3_font-weight\">\u2022 Aumentar la recaudaci\u00f3n de los recursos provenientes de la aplicaci\u00f3n de los art\u00edculos 32 y 34 establecidos en la Ley Org\u00e1nica de Drogas (LOD).<\/span><\/p><p><span style=\"font-weight: inherit;\" class=\"gt3_font-weight\">\u2022 Contar con las metodolog\u00edas y procedimientos generales relativos a la fiscalizaci\u00f3n y verificaci\u00f3n del aporte y contribuci\u00f3n especial establecidos en la Ley Org\u00e1nica de Drogas.Disponer de la fuerza fiscalizadora para garantizar el cumplimiento de la normativa legal en materia tributaria, por parte de los sujetos pasivos.<\/span><\/p><p><span style=\"font-weight: inherit;\" class=\"gt3_font-weight\">\u2022 Orientar los recursos econ\u00f3micos necesarios para llevar a cabo el financiamiento de acciones que garanticen la prevenci\u00f3n, el tratamiento, la rehabilitaci\u00f3n y la reinserci\u00f3n social de las personas con problemas de drogadicci\u00f3n.<\/span><\/p><p><span style=\"font-weight: inherit;\" class=\"gt3_font-weight\"><span style=\"color: #000080;\">\u2022 <\/span> Ofrecer capacitaci\u00f3n que contribuya a enriquecer las experiencias de muchos especialistas en esta materia, con la finalidad de orientar y formalizar desde un punto de vista acad\u00e9mico, el abordaje de acciones de prevenci\u00f3n para la problem\u00e1tica del consumo de drogas.<\/span><\/p>\t\t\t\t\t\t<\/div>\n\t\t\t\t<\/div>\n\t\t\t\t\t<\/div>\n\t\t<\/div>\n\t\t\t\t\t<\/div>\n\t\t<\/section>\n\t\t\t\t<\/div>\n\t\t","protected":false},"excerpt":{"rendered":"<p>\u2022 Aumentar la recaudaci\u00f3n de los recursos provenientes de la aplicaci\u00f3n de los art\u00edculos 32 y 34 establecidos en la Ley Org\u00e1nica de Drogas (LOD). \u2022 Contar con las metodolog\u00edas y procedimientos generales relativos a la fiscalizaci\u00f3n y verificaci\u00f3n del aporte y contribuci\u00f3n especial establecidos en la Ley Org\u00e1nica de Drogas.Disponer de la fuerza fiscalizadora [&hellip;]<\/p>\n","protected":false},"author":1,"featured_media":0,"parent":0,"menu_order":0,"comment_status":"closed","ping_status":"closed","template":"","meta":{"footnotes":""},"class_list":["post-10619","page","type-page","status-publish","hentry"],"yoast_head":"<!-- This site is optimized with the Yoast SEO plugin v26.4 - https:\/\/yoast.com\/wordpress\/plugins\/seo\/ -->\n<title>Objetivos - Fondo Nacional Antidrogas<\/title>\n<meta name=\"robots\" content=\"index, follow, max-snippet:-1, max-image-preview:large, max-video-preview:-1\" \/>\n<link rel=\"canonical\" href=\"https:\/\/www.fona.gob.ve\/index.php\/objetivos\/\" \/>\n<meta property=\"og:locale\" content=\"es_ES\" \/>\n<meta property=\"og:type\" content=\"article\" \/>\n<meta property=\"og:title\" content=\"Objetivos - Fondo Nacional Antidrogas\" \/>\n<meta property=\"og:description\" content=\"\u2022 Aumentar la recaudaci\u00f3n de los recursos provenientes de la aplicaci\u00f3n de los art\u00edculos 32 y 34 establecidos en la Ley Org\u00e1nica de Drogas (LOD). \u2022 Contar con las metodolog\u00edas y procedimientos generales relativos a la fiscalizaci\u00f3n y verificaci\u00f3n del aporte y contribuci\u00f3n especial establecidos en la Ley Org\u00e1nica de Drogas.Disponer de la fuerza fiscalizadora [&hellip;]\" \/>\n<meta property=\"og:url\" content=\"https:\/\/www.fona.gob.ve\/index.php\/objetivos\/\" \/>\n<meta property=\"og:site_name\" content=\"Fondo Nacional Antidrogas\" \/>\n<meta property=\"article:modified_time\" content=\"2023-03-06T16:42:33+00:00\" \/>\n<meta name=\"twitter:card\" content=\"summary_large_image\" \/>\n<meta name=\"twitter:label1\" content=\"Tiempo de lectura\" \/>\n\t<meta name=\"twitter:data1\" content=\"1 minuto\" \/>\n<script type=\"application\/ld+json\" class=\"yoast-schema-graph\">{\"@context\":\"https:\/\/schema.org\",\"@graph\":[{\"@type\":\"WebPage\",\"@id\":\"https:\/\/www.fona.gob.ve\/index.php\/objetivos\/\",\"url\":\"https:\/\/www.fona.gob.ve\/index.php\/objetivos\/\",\"name\":\"Objetivos - Fondo Nacional Antidrogas\",\"isPartOf\":{\"@id\":\"https:\/\/www.fona.gob.ve\/#website\"},\"datePublished\":\"2023-03-06T14:07:46+00:00\",\"dateModified\":\"2023-03-06T16:42:33+00:00\",\"breadcrumb\":{\"@id\":\"https:\/\/www.fona.gob.ve\/index.php\/objetivos\/#breadcrumb\"},\"inLanguage\":\"es\",\"potentialAction\":[{\"@type\":\"ReadAction\",\"target\":[\"https:\/\/www.fona.gob.ve\/index.php\/objetivos\/\"]}]},{\"@type\":\"BreadcrumbList\",\"@id\":\"https:\/\/www.fona.gob.ve\/index.php\/objetivos\/#breadcrumb\",\"itemListElement\":[{\"@type\":\"ListItem\",\"position\":1,\"name\":\"Portada\",\"item\":\"https:\/\/www.fona.gob.ve\/\"},{\"@type\":\"ListItem\",\"position\":2,\"name\":\"Objetivos\"}]},{\"@type\":\"WebSite\",\"@id\":\"https:\/\/www.fona.gob.ve\/#website\",\"url\":\"https:\/\/www.fona.gob.ve\/\",\"name\":\"Fondo Nacional Antidrogas\",\"description\":\"Conoce las acciones, programas y pol\u00edticas del Fondo Nacional Antidrogas (FONA) orientadas a la prevenci\u00f3n, atenci\u00f3n integral y lucha contra el consumo de drogas en Venezuela. Informaci\u00f3n oficial y actualizada.\",\"publisher\":{\"@id\":\"https:\/\/www.fona.gob.ve\/#organization\"},\"potentialAction\":[{\"@type\":\"SearchAction\",\"target\":{\"@type\":\"EntryPoint\",\"urlTemplate\":\"https:\/\/www.fona.gob.ve\/?s={search_term_string}\"},\"query-input\":{\"@type\":\"PropertyValueSpecification\",\"valueRequired\":true,\"valueName\":\"search_term_string\"}}],\"inLanguage\":\"es\"},{\"@type\":\"Organization\",\"@id\":\"https:\/\/www.fona.gob.ve\/#organization\",\"name\":\"Fondo Nacional Antidrogas\",\"url\":\"https:\/\/www.fona.gob.ve\/\",\"logo\":{\"@type\":\"ImageObject\",\"inLanguage\":\"es\",\"@id\":\"https:\/\/www.fona.gob.ve\/#\/schema\/logo\/image\/\",\"url\":\"https:\/\/www.fona.gob.ve\/wp-content\/uploads\/2025\/04\/fona.jpeg\",\"contentUrl\":\"https:\/\/www.fona.gob.ve\/wp-content\/uploads\/2025\/04\/fona.jpeg\",\"width\":1200,\"height\":1200,\"caption\":\"Fondo Nacional Antidrogas\"},\"image\":{\"@id\":\"https:\/\/www.fona.gob.ve\/#\/schema\/logo\/image\/\"}}]}<\/script>\n<!-- \/ Yoast SEO plugin. -->","yoast_head_json":{"title":"Objetivos - Fondo Nacional Antidrogas","robots":{"index":"index","follow":"follow","max-snippet":"max-snippet:-1","max-image-preview":"max-image-preview:large","max-video-preview":"max-video-preview:-1"},"canonical":"https:\/\/www.fona.gob.ve\/index.php\/objetivos\/","og_locale":"es_ES","og_type":"article","og_title":"Objetivos - Fondo Nacional Antidrogas","og_description":"\u2022 Aumentar la recaudaci\u00f3n de los recursos provenientes de la aplicaci\u00f3n de los art\u00edculos 32 y 34 establecidos en la Ley Org\u00e1nica de Drogas (LOD). \u2022 Contar con las metodolog\u00edas y procedimientos generales relativos a la fiscalizaci\u00f3n y verificaci\u00f3n del aporte y contribuci\u00f3n especial establecidos en la Ley Org\u00e1nica de Drogas.Disponer de la fuerza fiscalizadora [&hellip;]","og_url":"https:\/\/www.fona.gob.ve\/index.php\/objetivos\/","og_site_name":"Fondo Nacional Antidrogas","article_modified_time":"2023-03-06T16:42:33+00:00","twitter_card":"summary_large_image","twitter_misc":{"Tiempo de lectura":"1 minuto"},"schema":{"@context":"https:\/\/schema.org","@graph":[{"@type":"WebPage","@id":"https:\/\/www.fona.gob.ve\/index.php\/objetivos\/","url":"https:\/\/www.fona.gob.ve\/index.php\/objetivos\/","name":"Objetivos - Fondo Nacional Antidrogas","isPartOf":{"@id":"https:\/\/www.fona.gob.ve\/#website"},"datePublished":"2023-03-06T14:07:46+00:00","dateModified":"2023-03-06T16:42:33+00:00","breadcrumb":{"@id":"https:\/\/www.fona.gob.ve\/index.php\/objetivos\/#breadcrumb"},"inLanguage":"es","potentialAction":[{"@type":"ReadAction","target":["https:\/\/www.fona.gob.ve\/index.php\/objetivos\/"]}]},{"@type":"BreadcrumbList","@id":"https:\/\/www.fona.gob.ve\/index.php\/objetivos\/#breadcrumb","itemListElement":[{"@type":"ListItem","position":1,"name":"Portada","item":"https:\/\/www.fona.gob.ve\/"},{"@type":"ListItem","position":2,"name":"Objetivos"}]},{"@type":"WebSite","@id":"https:\/\/www.fona.gob.ve\/#website","url":"https:\/\/www.fona.gob.ve\/","name":"Fondo Nacional Antidrogas","description":"Conoce las acciones, programas y pol\u00edticas del Fondo Nacional Antidrogas (FONA) orientadas a la prevenci\u00f3n, atenci\u00f3n integral y lucha contra el consumo de drogas en Venezuela. Informaci\u00f3n oficial y actualizada.","publisher":{"@id":"https:\/\/www.fona.gob.ve\/#organization"},"potentialAction":[{"@type":"SearchAction","target":{"@type":"EntryPoint","urlTemplate":"https:\/\/www.fona.gob.ve\/?s={search_term_string}"},"query-input":{"@type":"PropertyValueSpecification","valueRequired":true,"valueName":"search_term_string"}}],"inLanguage":"es"},{"@type":"Organization","@id":"https:\/\/www.fona.gob.ve\/#organization","name":"Fondo Nacional Antidrogas","url":"https:\/\/www.fona.gob.ve\/","logo":{"@type":"ImageObject","inLanguage":"es","@id":"https:\/\/www.fona.gob.ve\/#\/schema\/logo\/image\/","url":"https:\/\/www.fona.gob.ve\/wp-content\/uploads\/2025\/04\/fona.jpeg","contentUrl":"https:\/\/www.fona.gob.ve\/wp-content\/uploads\/2025\/04\/fona.jpeg","width":1200,"height":1200,"caption":"Fondo Nacional Antidrogas"},"image":{"@id":"https:\/\/www.fona.gob.ve\/#\/schema\/logo\/image\/"}}]}},"_links":{"self":[{"href":"https:\/\/www.fona.gob.ve\/index.php\/wp-json\/wp\/v2\/pages\/10619","targetHints":{"allow":["GET"]}}],"collection":[{"href":"https:\/\/www.fona.gob.ve\/index.php\/wp-json\/wp\/v2\/pages"}],"about":[{"href":"https:\/\/www.fona.gob.ve\/index.php\/wp-json\/wp\/v2\/types\/page"}],"author":[{"embeddable":true,"href":"https:\/\/www.fona.gob.ve\/index.php\/wp-json\/wp\/v2\/users\/1"}],"replies":[{"embeddable":true,"href":"https:\/\/www.fona.gob.ve\/index.php\/wp-json\/wp\/v2\/comments?post=10619"}],"version-history":[{"count":6,"href":"https:\/\/www.fona.gob.ve\/index.php\/wp-json\/wp\/v2\/pages\/10619\/revisions"}],"predecessor-version":[{"id":10689,"href":"https:\/\/www.fona.gob.ve\/index.php\/wp-json\/wp\/v2\/pages\/10619\/revisions\/10689"}],"wp:attachment":[{"href":"https:\/\/www.fona.gob.ve\/index.php\/wp-json\/wp\/v2\/media?parent=10619"}],"curies":[{"name":"wp","href":"https:\/\/api.w.org\/{rel}","templated":true}]}}