{"id":10601,"date":"2023-03-06T09:33:20","date_gmt":"2023-03-06T13:33:20","guid":{"rendered":"http:\/\/www.fona.gob.ve\/?page_id=10601"},"modified":"2023-03-06T09:36:08","modified_gmt":"2023-03-06T13:36:08","slug":"proyecto","status":"publish","type":"page","link":"https:\/\/www.fona.gob.ve\/index.php\/proyecto\/","title":{"rendered":"Proyecto"},"content":{"rendered":"\t\t<div data-elementor-type=\"wp-page\" data-elementor-id=\"10601\" class=\"elementor elementor-10601\" data-elementor-post-type=\"page\">\n\t\t\t\t\t\t<section class=\"elementor-section elementor-top-section elementor-element elementor-element-5f1ec1b elementor-section-boxed elementor-section-height-default elementor-section-height-default\" data-id=\"5f1ec1b\" data-element_type=\"section\">\n\t\t\t\t\t\t<div class=\"elementor-container elementor-column-gap-default\">\n\t\t\t\t\t<div class=\"elementor-column elementor-col-100 elementor-top-column elementor-element elementor-element-46a229d\" data-id=\"46a229d\" data-element_type=\"column\">\n\t\t\t<div class=\"elementor-widget-wrap elementor-element-populated\">\n\t\t\t\t\t\t<div class=\"elementor-element elementor-element-d29d6fe elementor-widget elementor-widget-heading\" data-id=\"d29d6fe\" data-element_type=\"widget\" data-widget_type=\"heading.default\">\n\t\t\t\t<div class=\"elementor-widget-container\">\n\t\t\t<h1 class=\"elementor-heading-title elementor-size-default\">LA DIRECCI\u00d3N DE PROYECTOS<\/h1>\t\t<\/div>\n\t\t\t\t<\/div>\n\t\t\t\t\t<\/div>\n\t\t<\/div>\n\t\t\t\t\t<\/div>\n\t\t<\/section>\n\t\t\t\t<section class=\"elementor-section elementor-top-section elementor-element elementor-element-888b9a7 elementor-section-boxed elementor-section-height-default elementor-section-height-default\" data-id=\"888b9a7\" data-element_type=\"section\">\n\t\t\t\t\t\t<div class=\"elementor-container elementor-column-gap-default\">\n\t\t\t\t\t<div class=\"elementor-column elementor-col-100 elementor-top-column elementor-element elementor-element-cb563f2\" data-id=\"cb563f2\" data-element_type=\"column\">\n\t\t\t<div class=\"elementor-widget-wrap elementor-element-populated\">\n\t\t\t\t\t\t<div class=\"elementor-element elementor-element-43cf586 elementor-widget elementor-widget-heading\" data-id=\"43cf586\" data-element_type=\"widget\" data-widget_type=\"heading.default\">\n\t\t\t\t<div class=\"elementor-widget-container\">\n\t\t\t<h6 class=\"elementor-heading-title elementor-size-default\"> Es la encargada de realizar la evaluaci\u00f3n t\u00e9cnica, metodol\u00f3gica y de costos de los proyectos presentados,as\u00ed como controlar mediante inspecci\u00f3n y seguimiento la ejecuci\u00f3n de los mismos.En el caso del Fondo Nacional Antidrogas, se financian proyectos orientados a los \u00e1mbitos de prevenci\u00f3n de Drogas, espec\u00edficamente establecido en la Ley Org\u00e1nica de Drogas. Como son los \u00e1mbitos de:<\/h6>\t\t<\/div>\n\t\t\t\t<\/div>\n\t\t\t\t\t<\/div>\n\t\t<\/div>\n\t\t\t\t\t<\/div>\n\t\t<\/section>\n\t\t\t\t<section class=\"elementor-section elementor-top-section elementor-element elementor-element-45b1522 elementor-section-boxed elementor-section-height-default elementor-section-height-default\" data-id=\"45b1522\" data-element_type=\"section\">\n\t\t\t\t\t\t<div class=\"elementor-container elementor-column-gap-default\">\n\t\t\t\t\t<div class=\"elementor-column elementor-col-100 elementor-top-column elementor-element elementor-element-fd75c5f\" data-id=\"fd75c5f\" data-element_type=\"column\">\n\t\t\t<div class=\"elementor-widget-wrap elementor-element-populated\">\n\t\t\t\t\t\t<div class=\"elementor-element elementor-element-7f01b98 elementor-widget elementor-widget-image\" data-id=\"7f01b98\" data-element_type=\"widget\" data-widget_type=\"image.default\">\n\t\t\t\t<div class=\"elementor-widget-container\">\n\t\t\t\t\t\t\t\t\t\t\t\t\t<img fetchpriority=\"high\" decoding=\"async\" width=\"830\" height=\"600\" src=\"https:\/\/www.fona.gob.ve\/wp-content\/uploads\/2023\/03\/pro1.webp\" class=\"attachment-large size-large wp-image-10602\" alt=\"\" srcset=\"https:\/\/www.fona.gob.ve\/wp-content\/uploads\/2023\/03\/pro1.webp 830w, https:\/\/www.fona.gob.ve\/wp-content\/uploads\/2023\/03\/pro1-300x217.webp 300w, https:\/\/www.fona.gob.ve\/wp-content\/uploads\/2023\/03\/pro1-768x555.webp 768w, https:\/\/www.fona.gob.ve\/wp-content\/uploads\/2023\/03\/pro1-480x347.webp 480w\" sizes=\"(max-width: 830px) 100vw, 830px\" title=\"\" \/>\t\t\t\t\t\t\t\t\t\t\t\t\t<\/div>\n\t\t\t\t<\/div>\n\t\t\t\t\t<\/div>\n\t\t<\/div>\n\t\t\t\t\t<\/div>\n\t\t<\/section>\n\t\t\t\t<\/div>\n\t\t","protected":false},"excerpt":{"rendered":"<p>LA DIRECCI\u00d3N DE PROYECTOS Es la encargada de realizar la evaluaci\u00f3n t\u00e9cnica, metodol\u00f3gica y de costos de los proyectos presentados,as\u00ed como controlar mediante inspecci\u00f3n y seguimiento la ejecuci\u00f3n de los mismos.En el caso del Fondo Nacional Antidrogas, se financian proyectos orientados a los \u00e1mbitos de prevenci\u00f3n de Drogas, espec\u00edficamente establecido en la Ley Org\u00e1nica de [&hellip;]<\/p>\n","protected":false},"author":1,"featured_media":0,"parent":0,"menu_order":0,"comment_status":"closed","ping_status":"closed","template":"","meta":{"footnotes":""},"class_list":["post-10601","page","type-page","status-publish","hentry"],"yoast_head":"<!-- This site is optimized with the Yoast SEO plugin v26.4 - https:\/\/yoast.com\/wordpress\/plugins\/seo\/ -->\n<title>Proyecto - Fondo Nacional Antidrogas<\/title>\n<meta name=\"robots\" content=\"index, follow, max-snippet:-1, max-image-preview:large, max-video-preview:-1\" \/>\n<link rel=\"canonical\" href=\"https:\/\/www.fona.gob.ve\/index.php\/proyecto\/\" \/>\n<meta property=\"og:locale\" content=\"es_ES\" \/>\n<meta property=\"og:type\" content=\"article\" \/>\n<meta property=\"og:title\" content=\"Proyecto - Fondo Nacional Antidrogas\" \/>\n<meta property=\"og:description\" content=\"LA DIRECCI\u00d3N DE PROYECTOS Es la encargada de realizar la evaluaci\u00f3n t\u00e9cnica, metodol\u00f3gica y de costos de los proyectos presentados,as\u00ed como controlar mediante inspecci\u00f3n y seguimiento la ejecuci\u00f3n de los mismos.En el caso del Fondo Nacional Antidrogas, se financian proyectos orientados a los \u00e1mbitos de prevenci\u00f3n de Drogas, espec\u00edficamente establecido en la Ley Org\u00e1nica de [&hellip;]\" \/>\n<meta property=\"og:url\" content=\"https:\/\/www.fona.gob.ve\/index.php\/proyecto\/\" \/>\n<meta property=\"og:site_name\" content=\"Fondo Nacional Antidrogas\" \/>\n<meta property=\"article:modified_time\" content=\"2023-03-06T13:36:08+00:00\" \/>\n<meta property=\"og:image\" content=\"http:\/\/www.fona.gob.ve\/wp-content\/uploads\/2023\/03\/pro1.webp\" \/>\n<meta name=\"twitter:card\" content=\"summary_large_image\" \/>\n<script type=\"application\/ld+json\" class=\"yoast-schema-graph\">{\"@context\":\"https:\/\/schema.org\",\"@graph\":[{\"@type\":\"WebPage\",\"@id\":\"https:\/\/www.fona.gob.ve\/index.php\/proyecto\/\",\"url\":\"https:\/\/www.fona.gob.ve\/index.php\/proyecto\/\",\"name\":\"Proyecto - Fondo Nacional Antidrogas\",\"isPartOf\":{\"@id\":\"https:\/\/www.fona.gob.ve\/#website\"},\"primaryImageOfPage\":{\"@id\":\"https:\/\/www.fona.gob.ve\/index.php\/proyecto\/#primaryimage\"},\"image\":{\"@id\":\"https:\/\/www.fona.gob.ve\/index.php\/proyecto\/#primaryimage\"},\"thumbnailUrl\":\"http:\/\/www.fona.gob.ve\/wp-content\/uploads\/2023\/03\/pro1.webp\",\"datePublished\":\"2023-03-06T13:33:20+00:00\",\"dateModified\":\"2023-03-06T13:36:08+00:00\",\"breadcrumb\":{\"@id\":\"https:\/\/www.fona.gob.ve\/index.php\/proyecto\/#breadcrumb\"},\"inLanguage\":\"es\",\"potentialAction\":[{\"@type\":\"ReadAction\",\"target\":[\"https:\/\/www.fona.gob.ve\/index.php\/proyecto\/\"]}]},{\"@type\":\"ImageObject\",\"inLanguage\":\"es\",\"@id\":\"https:\/\/www.fona.gob.ve\/index.php\/proyecto\/#primaryimage\",\"url\":\"http:\/\/www.fona.gob.ve\/wp-content\/uploads\/2023\/03\/pro1.webp\",\"contentUrl\":\"http:\/\/www.fona.gob.ve\/wp-content\/uploads\/2023\/03\/pro1.webp\"},{\"@type\":\"BreadcrumbList\",\"@id\":\"https:\/\/www.fona.gob.ve\/index.php\/proyecto\/#breadcrumb\",\"itemListElement\":[{\"@type\":\"ListItem\",\"position\":1,\"name\":\"Portada\",\"item\":\"https:\/\/www.fona.gob.ve\/\"},{\"@type\":\"ListItem\",\"position\":2,\"name\":\"Proyecto\"}]},{\"@type\":\"WebSite\",\"@id\":\"https:\/\/www.fona.gob.ve\/#website\",\"url\":\"https:\/\/www.fona.gob.ve\/\",\"name\":\"Fondo Nacional Antidrogas\",\"description\":\"Conoce las acciones, programas y pol\u00edticas del Fondo Nacional Antidrogas (FONA) orientadas a la prevenci\u00f3n, atenci\u00f3n integral y lucha contra el consumo de drogas en Venezuela. Informaci\u00f3n oficial y actualizada.\",\"publisher\":{\"@id\":\"https:\/\/www.fona.gob.ve\/#organization\"},\"potentialAction\":[{\"@type\":\"SearchAction\",\"target\":{\"@type\":\"EntryPoint\",\"urlTemplate\":\"https:\/\/www.fona.gob.ve\/?s={search_term_string}\"},\"query-input\":{\"@type\":\"PropertyValueSpecification\",\"valueRequired\":true,\"valueName\":\"search_term_string\"}}],\"inLanguage\":\"es\"},{\"@type\":\"Organization\",\"@id\":\"https:\/\/www.fona.gob.ve\/#organization\",\"name\":\"Fondo Nacional Antidrogas\",\"url\":\"https:\/\/www.fona.gob.ve\/\",\"logo\":{\"@type\":\"ImageObject\",\"inLanguage\":\"es\",\"@id\":\"https:\/\/www.fona.gob.ve\/#\/schema\/logo\/image\/\",\"url\":\"https:\/\/www.fona.gob.ve\/wp-content\/uploads\/2025\/04\/fona.jpeg\",\"contentUrl\":\"https:\/\/www.fona.gob.ve\/wp-content\/uploads\/2025\/04\/fona.jpeg\",\"width\":1200,\"height\":1200,\"caption\":\"Fondo Nacional Antidrogas\"},\"image\":{\"@id\":\"https:\/\/www.fona.gob.ve\/#\/schema\/logo\/image\/\"}}]}<\/script>\n<!-- \/ Yoast SEO plugin. -->","yoast_head_json":{"title":"Proyecto - Fondo Nacional Antidrogas","robots":{"index":"index","follow":"follow","max-snippet":"max-snippet:-1","max-image-preview":"max-image-preview:large","max-video-preview":"max-video-preview:-1"},"canonical":"https:\/\/www.fona.gob.ve\/index.php\/proyecto\/","og_locale":"es_ES","og_type":"article","og_title":"Proyecto - Fondo Nacional Antidrogas","og_description":"LA DIRECCI\u00d3N DE PROYECTOS Es la encargada de realizar la evaluaci\u00f3n t\u00e9cnica, metodol\u00f3gica y de costos de los proyectos presentados,as\u00ed como controlar mediante inspecci\u00f3n y seguimiento la ejecuci\u00f3n de los mismos.En el caso del Fondo Nacional Antidrogas, se financian proyectos orientados a los \u00e1mbitos de prevenci\u00f3n de Drogas, espec\u00edficamente establecido en la Ley Org\u00e1nica de [&hellip;]","og_url":"https:\/\/www.fona.gob.ve\/index.php\/proyecto\/","og_site_name":"Fondo Nacional Antidrogas","article_modified_time":"2023-03-06T13:36:08+00:00","og_image":[{"url":"http:\/\/www.fona.gob.ve\/wp-content\/uploads\/2023\/03\/pro1.webp","type":"","width":"","height":""}],"twitter_card":"summary_large_image","schema":{"@context":"https:\/\/schema.org","@graph":[{"@type":"WebPage","@id":"https:\/\/www.fona.gob.ve\/index.php\/proyecto\/","url":"https:\/\/www.fona.gob.ve\/index.php\/proyecto\/","name":"Proyecto - Fondo Nacional Antidrogas","isPartOf":{"@id":"https:\/\/www.fona.gob.ve\/#website"},"primaryImageOfPage":{"@id":"https:\/\/www.fona.gob.ve\/index.php\/proyecto\/#primaryimage"},"image":{"@id":"https:\/\/www.fona.gob.ve\/index.php\/proyecto\/#primaryimage"},"thumbnailUrl":"http:\/\/www.fona.gob.ve\/wp-content\/uploads\/2023\/03\/pro1.webp","datePublished":"2023-03-06T13:33:20+00:00","dateModified":"2023-03-06T13:36:08+00:00","breadcrumb":{"@id":"https:\/\/www.fona.gob.ve\/index.php\/proyecto\/#breadcrumb"},"inLanguage":"es","potentialAction":[{"@type":"ReadAction","target":["https:\/\/www.fona.gob.ve\/index.php\/proyecto\/"]}]},{"@type":"ImageObject","inLanguage":"es","@id":"https:\/\/www.fona.gob.ve\/index.php\/proyecto\/#primaryimage","url":"http:\/\/www.fona.gob.ve\/wp-content\/uploads\/2023\/03\/pro1.webp","contentUrl":"http:\/\/www.fona.gob.ve\/wp-content\/uploads\/2023\/03\/pro1.webp"},{"@type":"BreadcrumbList","@id":"https:\/\/www.fona.gob.ve\/index.php\/proyecto\/#breadcrumb","itemListElement":[{"@type":"ListItem","position":1,"name":"Portada","item":"https:\/\/www.fona.gob.ve\/"},{"@type":"ListItem","position":2,"name":"Proyecto"}]},{"@type":"WebSite","@id":"https:\/\/www.fona.gob.ve\/#website","url":"https:\/\/www.fona.gob.ve\/","name":"Fondo Nacional Antidrogas","description":"Conoce las acciones, programas y pol\u00edticas del Fondo Nacional Antidrogas (FONA) orientadas a la prevenci\u00f3n, atenci\u00f3n integral y lucha contra el consumo de drogas en Venezuela. Informaci\u00f3n oficial y actualizada.","publisher":{"@id":"https:\/\/www.fona.gob.ve\/#organization"},"potentialAction":[{"@type":"SearchAction","target":{"@type":"EntryPoint","urlTemplate":"https:\/\/www.fona.gob.ve\/?s={search_term_string}"},"query-input":{"@type":"PropertyValueSpecification","valueRequired":true,"valueName":"search_term_string"}}],"inLanguage":"es"},{"@type":"Organization","@id":"https:\/\/www.fona.gob.ve\/#organization","name":"Fondo Nacional Antidrogas","url":"https:\/\/www.fona.gob.ve\/","logo":{"@type":"ImageObject","inLanguage":"es","@id":"https:\/\/www.fona.gob.ve\/#\/schema\/logo\/image\/","url":"https:\/\/www.fona.gob.ve\/wp-content\/uploads\/2025\/04\/fona.jpeg","contentUrl":"https:\/\/www.fona.gob.ve\/wp-content\/uploads\/2025\/04\/fona.jpeg","width":1200,"height":1200,"caption":"Fondo Nacional Antidrogas"},"image":{"@id":"https:\/\/www.fona.gob.ve\/#\/schema\/logo\/image\/"}}]}},"_links":{"self":[{"href":"https:\/\/www.fona.gob.ve\/index.php\/wp-json\/wp\/v2\/pages\/10601","targetHints":{"allow":["GET"]}}],"collection":[{"href":"https:\/\/www.fona.gob.ve\/index.php\/wp-json\/wp\/v2\/pages"}],"about":[{"href":"https:\/\/www.fona.gob.ve\/index.php\/wp-json\/wp\/v2\/types\/page"}],"author":[{"embeddable":true,"href":"https:\/\/www.fona.gob.ve\/index.php\/wp-json\/wp\/v2\/users\/1"}],"replies":[{"embeddable":true,"href":"https:\/\/www.fona.gob.ve\/index.php\/wp-json\/wp\/v2\/comments?post=10601"}],"version-history":[{"count":3,"href":"https:\/\/www.fona.gob.ve\/index.php\/wp-json\/wp\/v2\/pages\/10601\/revisions"}],"predecessor-version":[{"id":10605,"href":"https:\/\/www.fona.gob.ve\/index.php\/wp-json\/wp\/v2\/pages\/10601\/revisions\/10605"}],"wp:attachment":[{"href":"https:\/\/www.fona.gob.ve\/index.php\/wp-json\/wp\/v2\/media?parent=10601"}],"curies":[{"name":"wp","href":"https:\/\/api.w.org\/{rel}","templated":true}]}}