{"id":10594,"date":"2023-03-06T09:30:02","date_gmt":"2023-03-06T13:30:02","guid":{"rendered":"http:\/\/www.fona.gob.ve\/?page_id=10594"},"modified":"2025-07-28T15:12:10","modified_gmt":"2025-07-28T19:12:10","slug":"recaudacion","status":"publish","type":"page","link":"https:\/\/www.fona.gob.ve\/index.php\/recaudacion\/","title":{"rendered":"Recaudacion"},"content":{"rendered":"\t\t<div data-elementor-type=\"wp-page\" data-elementor-id=\"10594\" class=\"elementor elementor-10594\" data-elementor-post-type=\"page\">\n\t\t\t\t\t\t<section class=\"elementor-section elementor-top-section elementor-element elementor-element-ef29dfd elementor-section-boxed elementor-section-height-default elementor-section-height-default\" data-id=\"ef29dfd\" data-element_type=\"section\">\n\t\t\t\t\t\t<div class=\"elementor-container elementor-column-gap-default\">\n\t\t\t\t\t<div class=\"elementor-column elementor-col-100 elementor-top-column elementor-element elementor-element-e34a15f\" data-id=\"e34a15f\" data-element_type=\"column\">\n\t\t\t<div class=\"elementor-widget-wrap elementor-element-populated\">\n\t\t\t\t\t\t<div class=\"elementor-element elementor-element-2612389 elementor-widget elementor-widget-heading\" data-id=\"2612389\" data-element_type=\"widget\" data-widget_type=\"heading.default\">\n\t\t\t\t<div class=\"elementor-widget-container\">\n\t\t\t<h1 class=\"elementor-heading-title elementor-size-default\">LA DIRECCI\u00d3N DE RECAUDACI\u00d3N<\/h1>\t\t<\/div>\n\t\t\t\t<\/div>\n\t\t\t\t\t<\/div>\n\t\t<\/div>\n\t\t\t\t\t<\/div>\n\t\t<\/section>\n\t\t\t\t<section class=\"elementor-section elementor-top-section elementor-element elementor-element-bf10b82 elementor-section-boxed elementor-section-height-default elementor-section-height-default\" data-id=\"bf10b82\" data-element_type=\"section\">\n\t\t\t\t\t\t<div class=\"elementor-container elementor-column-gap-default\">\n\t\t\t\t\t<div class=\"elementor-column elementor-col-50 elementor-top-column elementor-element elementor-element-7eb691c\" data-id=\"7eb691c\" data-element_type=\"column\">\n\t\t\t<div class=\"elementor-widget-wrap elementor-element-populated\">\n\t\t\t\t\t\t<div class=\"elementor-element elementor-element-71b323c elementor-widget elementor-widget-image\" data-id=\"71b323c\" data-element_type=\"widget\" data-widget_type=\"image.default\">\n\t\t\t\t<div class=\"elementor-widget-container\">\n\t\t\t\t\t\t\t\t\t\t\t\t\t<img fetchpriority=\"high\" decoding=\"async\" width=\"940\" height=\"621\" src=\"https:\/\/www.fona.gob.ve\/wp-content\/uploads\/2023\/03\/rec1-1024x677.webp\" class=\"attachment-large size-large wp-image-10595\" alt=\"\" srcset=\"https:\/\/www.fona.gob.ve\/wp-content\/uploads\/2023\/03\/rec1-1024x677.webp 1024w, https:\/\/www.fona.gob.ve\/wp-content\/uploads\/2023\/03\/rec1-300x198.webp 300w, https:\/\/www.fona.gob.ve\/wp-content\/uploads\/2023\/03\/rec1-768x508.webp 768w, https:\/\/www.fona.gob.ve\/wp-content\/uploads\/2023\/03\/rec1-480x317.webp 480w, https:\/\/www.fona.gob.ve\/wp-content\/uploads\/2023\/03\/rec1-1200x793.webp 1200w, https:\/\/www.fona.gob.ve\/wp-content\/uploads\/2023\/03\/rec1.webp 1366w\" sizes=\"(max-width: 940px) 100vw, 940px\" title=\"\" \/>\t\t\t\t\t\t\t\t\t\t\t\t\t<\/div>\n\t\t\t\t<\/div>\n\t\t\t\t\t<\/div>\n\t\t<\/div>\n\t\t\t\t<div class=\"elementor-column elementor-col-50 elementor-top-column elementor-element elementor-element-c5f9280\" data-id=\"c5f9280\" data-element_type=\"column\">\n\t\t\t<div class=\"elementor-widget-wrap elementor-element-populated\">\n\t\t\t\t\t\t<div class=\"elementor-element elementor-element-7a712bb elementor-widget elementor-widget-image\" data-id=\"7a712bb\" data-element_type=\"widget\" data-widget_type=\"image.default\">\n\t\t\t\t<div class=\"elementor-widget-container\">\n\t\t\t\t\t\t\t\t\t\t\t\t\t<img decoding=\"async\" width=\"940\" height=\"620\" src=\"https:\/\/www.fona.gob.ve\/wp-content\/uploads\/2023\/03\/rec2-1024x675.webp\" class=\"attachment-large size-large wp-image-10596\" alt=\"\" srcset=\"https:\/\/www.fona.gob.ve\/wp-content\/uploads\/2023\/03\/rec2-1024x675.webp 1024w, https:\/\/www.fona.gob.ve\/wp-content\/uploads\/2023\/03\/rec2-300x198.webp 300w, https:\/\/www.fona.gob.ve\/wp-content\/uploads\/2023\/03\/rec2-768x506.webp 768w, https:\/\/www.fona.gob.ve\/wp-content\/uploads\/2023\/03\/rec2-480x316.webp 480w, https:\/\/www.fona.gob.ve\/wp-content\/uploads\/2023\/03\/rec2-1200x791.webp 1200w, https:\/\/www.fona.gob.ve\/wp-content\/uploads\/2023\/03\/rec2.webp 1397w\" sizes=\"(max-width: 940px) 100vw, 940px\" title=\"\" \/>\t\t\t\t\t\t\t\t\t\t\t\t\t<\/div>\n\t\t\t\t<\/div>\n\t\t\t\t\t<\/div>\n\t\t<\/div>\n\t\t\t\t\t<\/div>\n\t\t<\/section>\n\t\t\t\t<section class=\"elementor-section elementor-top-section elementor-element elementor-element-1d60fe8 elementor-section-boxed elementor-section-height-default elementor-section-height-default\" data-id=\"1d60fe8\" data-element_type=\"section\">\n\t\t\t\t\t\t<div class=\"elementor-container elementor-column-gap-default\">\n\t\t\t\t\t<div class=\"elementor-column elementor-col-100 elementor-top-column elementor-element elementor-element-25c6357\" data-id=\"25c6357\" data-element_type=\"column\">\n\t\t\t<div class=\"elementor-widget-wrap elementor-element-populated\">\n\t\t\t\t\t\t<div class=\"elementor-element elementor-element-7f8c3d5 elementor-widget elementor-widget-image\" data-id=\"7f8c3d5\" data-element_type=\"widget\" data-widget_type=\"image.default\">\n\t\t\t\t<div class=\"elementor-widget-container\">\n\t\t\t\t\t\t\t\t\t\t\t\t\t<img decoding=\"async\" width=\"940\" height=\"665\" src=\"https:\/\/www.fona.gob.ve\/wp-content\/uploads\/2025\/07\/2recaudacion-1024x724.png\" class=\"attachment-large size-large wp-image-12767\" alt=\"\" srcset=\"https:\/\/www.fona.gob.ve\/wp-content\/uploads\/2025\/07\/2recaudacion-1024x724.png 1024w, https:\/\/www.fona.gob.ve\/wp-content\/uploads\/2025\/07\/2recaudacion-300x212.png 300w, https:\/\/www.fona.gob.ve\/wp-content\/uploads\/2025\/07\/2recaudacion-768x543.png 768w, https:\/\/www.fona.gob.ve\/wp-content\/uploads\/2025\/07\/2recaudacion-1536x1086.png 1536w, https:\/\/www.fona.gob.ve\/wp-content\/uploads\/2025\/07\/2recaudacion-480x339.png 480w\" sizes=\"(max-width: 940px) 100vw, 940px\" title=\"2recaudacion\" \/>\t\t\t\t\t\t\t\t\t\t\t\t\t<\/div>\n\t\t\t\t<\/div>\n\t\t\t\t\t<\/div>\n\t\t<\/div>\n\t\t\t\t\t<\/div>\n\t\t<\/section>\n\t\t\t\t<\/div>\n\t\t","protected":false},"excerpt":{"rendered":"<p>LA DIRECCI\u00d3N DE RECAUDACI\u00d3N<\/p>\n","protected":false},"author":1,"featured_media":0,"parent":0,"menu_order":0,"comment_status":"closed","ping_status":"closed","template":"","meta":{"footnotes":""},"class_list":["post-10594","page","type-page","status-publish","hentry"],"yoast_head":"<!-- This site is optimized with the Yoast SEO plugin v26.4 - https:\/\/yoast.com\/wordpress\/plugins\/seo\/ -->\n<title>Recaudacion - Fondo Nacional Antidrogas<\/title>\n<meta name=\"robots\" content=\"index, follow, max-snippet:-1, max-image-preview:large, max-video-preview:-1\" \/>\n<link rel=\"canonical\" href=\"https:\/\/www.fona.gob.ve\/index.php\/recaudacion\/\" \/>\n<meta property=\"og:locale\" content=\"es_ES\" \/>\n<meta property=\"og:type\" content=\"article\" \/>\n<meta property=\"og:title\" content=\"Recaudacion - Fondo Nacional Antidrogas\" \/>\n<meta property=\"og:description\" content=\"LA DIRECCI\u00d3N DE RECAUDACI\u00d3N\" \/>\n<meta property=\"og:url\" content=\"https:\/\/www.fona.gob.ve\/index.php\/recaudacion\/\" \/>\n<meta property=\"og:site_name\" content=\"Fondo Nacional Antidrogas\" \/>\n<meta property=\"article:modified_time\" content=\"2025-07-28T19:12:10+00:00\" \/>\n<meta property=\"og:image\" content=\"https:\/\/www.fona.gob.ve\/wp-content\/uploads\/2023\/03\/rec1.webp\" \/>\n\t<meta property=\"og:image:width\" content=\"1366\" \/>\n\t<meta property=\"og:image:height\" content=\"903\" \/>\n\t<meta property=\"og:image:type\" content=\"image\/webp\" \/>\n<meta name=\"twitter:card\" content=\"summary_large_image\" \/>\n<script type=\"application\/ld+json\" class=\"yoast-schema-graph\">{\"@context\":\"https:\/\/schema.org\",\"@graph\":[{\"@type\":\"WebPage\",\"@id\":\"https:\/\/www.fona.gob.ve\/index.php\/recaudacion\/\",\"url\":\"https:\/\/www.fona.gob.ve\/index.php\/recaudacion\/\",\"name\":\"Recaudacion - Fondo Nacional Antidrogas\",\"isPartOf\":{\"@id\":\"https:\/\/www.fona.gob.ve\/#website\"},\"primaryImageOfPage\":{\"@id\":\"https:\/\/www.fona.gob.ve\/index.php\/recaudacion\/#primaryimage\"},\"image\":{\"@id\":\"https:\/\/www.fona.gob.ve\/index.php\/recaudacion\/#primaryimage\"},\"thumbnailUrl\":\"https:\/\/www.fona.gob.ve\/wp-content\/uploads\/2023\/03\/rec1-1024x677.webp\",\"datePublished\":\"2023-03-06T13:30:02+00:00\",\"dateModified\":\"2025-07-28T19:12:10+00:00\",\"breadcrumb\":{\"@id\":\"https:\/\/www.fona.gob.ve\/index.php\/recaudacion\/#breadcrumb\"},\"inLanguage\":\"es\",\"potentialAction\":[{\"@type\":\"ReadAction\",\"target\":[\"https:\/\/www.fona.gob.ve\/index.php\/recaudacion\/\"]}]},{\"@type\":\"ImageObject\",\"inLanguage\":\"es\",\"@id\":\"https:\/\/www.fona.gob.ve\/index.php\/recaudacion\/#primaryimage\",\"url\":\"https:\/\/www.fona.gob.ve\/wp-content\/uploads\/2023\/03\/rec1.webp\",\"contentUrl\":\"https:\/\/www.fona.gob.ve\/wp-content\/uploads\/2023\/03\/rec1.webp\",\"width\":1366,\"height\":903},{\"@type\":\"BreadcrumbList\",\"@id\":\"https:\/\/www.fona.gob.ve\/index.php\/recaudacion\/#breadcrumb\",\"itemListElement\":[{\"@type\":\"ListItem\",\"position\":1,\"name\":\"Portada\",\"item\":\"https:\/\/www.fona.gob.ve\/\"},{\"@type\":\"ListItem\",\"position\":2,\"name\":\"Recaudacion\"}]},{\"@type\":\"WebSite\",\"@id\":\"https:\/\/www.fona.gob.ve\/#website\",\"url\":\"https:\/\/www.fona.gob.ve\/\",\"name\":\"Fondo Nacional Antidrogas\",\"description\":\"Conoce las acciones, programas y pol\u00edticas del Fondo Nacional Antidrogas (FONA) orientadas a la prevenci\u00f3n, atenci\u00f3n integral y lucha contra el consumo de drogas en Venezuela. Informaci\u00f3n oficial y actualizada.\",\"publisher\":{\"@id\":\"https:\/\/www.fona.gob.ve\/#organization\"},\"potentialAction\":[{\"@type\":\"SearchAction\",\"target\":{\"@type\":\"EntryPoint\",\"urlTemplate\":\"https:\/\/www.fona.gob.ve\/?s={search_term_string}\"},\"query-input\":{\"@type\":\"PropertyValueSpecification\",\"valueRequired\":true,\"valueName\":\"search_term_string\"}}],\"inLanguage\":\"es\"},{\"@type\":\"Organization\",\"@id\":\"https:\/\/www.fona.gob.ve\/#organization\",\"name\":\"Fondo Nacional Antidrogas\",\"url\":\"https:\/\/www.fona.gob.ve\/\",\"logo\":{\"@type\":\"ImageObject\",\"inLanguage\":\"es\",\"@id\":\"https:\/\/www.fona.gob.ve\/#\/schema\/logo\/image\/\",\"url\":\"https:\/\/www.fona.gob.ve\/wp-content\/uploads\/2025\/04\/fona.jpeg\",\"contentUrl\":\"https:\/\/www.fona.gob.ve\/wp-content\/uploads\/2025\/04\/fona.jpeg\",\"width\":1200,\"height\":1200,\"caption\":\"Fondo Nacional Antidrogas\"},\"image\":{\"@id\":\"https:\/\/www.fona.gob.ve\/#\/schema\/logo\/image\/\"}}]}<\/script>\n<!-- \/ Yoast SEO plugin. -->","yoast_head_json":{"title":"Recaudacion - Fondo Nacional Antidrogas","robots":{"index":"index","follow":"follow","max-snippet":"max-snippet:-1","max-image-preview":"max-image-preview:large","max-video-preview":"max-video-preview:-1"},"canonical":"https:\/\/www.fona.gob.ve\/index.php\/recaudacion\/","og_locale":"es_ES","og_type":"article","og_title":"Recaudacion - Fondo Nacional Antidrogas","og_description":"LA DIRECCI\u00d3N DE RECAUDACI\u00d3N","og_url":"https:\/\/www.fona.gob.ve\/index.php\/recaudacion\/","og_site_name":"Fondo Nacional Antidrogas","article_modified_time":"2025-07-28T19:12:10+00:00","og_image":[{"width":1366,"height":903,"url":"https:\/\/www.fona.gob.ve\/wp-content\/uploads\/2023\/03\/rec1.webp","type":"image\/webp"}],"twitter_card":"summary_large_image","schema":{"@context":"https:\/\/schema.org","@graph":[{"@type":"WebPage","@id":"https:\/\/www.fona.gob.ve\/index.php\/recaudacion\/","url":"https:\/\/www.fona.gob.ve\/index.php\/recaudacion\/","name":"Recaudacion - Fondo Nacional Antidrogas","isPartOf":{"@id":"https:\/\/www.fona.gob.ve\/#website"},"primaryImageOfPage":{"@id":"https:\/\/www.fona.gob.ve\/index.php\/recaudacion\/#primaryimage"},"image":{"@id":"https:\/\/www.fona.gob.ve\/index.php\/recaudacion\/#primaryimage"},"thumbnailUrl":"https:\/\/www.fona.gob.ve\/wp-content\/uploads\/2023\/03\/rec1-1024x677.webp","datePublished":"2023-03-06T13:30:02+00:00","dateModified":"2025-07-28T19:12:10+00:00","breadcrumb":{"@id":"https:\/\/www.fona.gob.ve\/index.php\/recaudacion\/#breadcrumb"},"inLanguage":"es","potentialAction":[{"@type":"ReadAction","target":["https:\/\/www.fona.gob.ve\/index.php\/recaudacion\/"]}]},{"@type":"ImageObject","inLanguage":"es","@id":"https:\/\/www.fona.gob.ve\/index.php\/recaudacion\/#primaryimage","url":"https:\/\/www.fona.gob.ve\/wp-content\/uploads\/2023\/03\/rec1.webp","contentUrl":"https:\/\/www.fona.gob.ve\/wp-content\/uploads\/2023\/03\/rec1.webp","width":1366,"height":903},{"@type":"BreadcrumbList","@id":"https:\/\/www.fona.gob.ve\/index.php\/recaudacion\/#breadcrumb","itemListElement":[{"@type":"ListItem","position":1,"name":"Portada","item":"https:\/\/www.fona.gob.ve\/"},{"@type":"ListItem","position":2,"name":"Recaudacion"}]},{"@type":"WebSite","@id":"https:\/\/www.fona.gob.ve\/#website","url":"https:\/\/www.fona.gob.ve\/","name":"Fondo Nacional Antidrogas","description":"Conoce las acciones, programas y pol\u00edticas del Fondo Nacional Antidrogas (FONA) orientadas a la prevenci\u00f3n, atenci\u00f3n integral y lucha contra el consumo de drogas en Venezuela. Informaci\u00f3n oficial y actualizada.","publisher":{"@id":"https:\/\/www.fona.gob.ve\/#organization"},"potentialAction":[{"@type":"SearchAction","target":{"@type":"EntryPoint","urlTemplate":"https:\/\/www.fona.gob.ve\/?s={search_term_string}"},"query-input":{"@type":"PropertyValueSpecification","valueRequired":true,"valueName":"search_term_string"}}],"inLanguage":"es"},{"@type":"Organization","@id":"https:\/\/www.fona.gob.ve\/#organization","name":"Fondo Nacional Antidrogas","url":"https:\/\/www.fona.gob.ve\/","logo":{"@type":"ImageObject","inLanguage":"es","@id":"https:\/\/www.fona.gob.ve\/#\/schema\/logo\/image\/","url":"https:\/\/www.fona.gob.ve\/wp-content\/uploads\/2025\/04\/fona.jpeg","contentUrl":"https:\/\/www.fona.gob.ve\/wp-content\/uploads\/2025\/04\/fona.jpeg","width":1200,"height":1200,"caption":"Fondo Nacional Antidrogas"},"image":{"@id":"https:\/\/www.fona.gob.ve\/#\/schema\/logo\/image\/"}}]}},"_links":{"self":[{"href":"https:\/\/www.fona.gob.ve\/index.php\/wp-json\/wp\/v2\/pages\/10594","targetHints":{"allow":["GET"]}}],"collection":[{"href":"https:\/\/www.fona.gob.ve\/index.php\/wp-json\/wp\/v2\/pages"}],"about":[{"href":"https:\/\/www.fona.gob.ve\/index.php\/wp-json\/wp\/v2\/types\/page"}],"author":[{"embeddable":true,"href":"https:\/\/www.fona.gob.ve\/index.php\/wp-json\/wp\/v2\/users\/1"}],"replies":[{"embeddable":true,"href":"https:\/\/www.fona.gob.ve\/index.php\/wp-json\/wp\/v2\/comments?post=10594"}],"version-history":[{"count":6,"href":"https:\/\/www.fona.gob.ve\/index.php\/wp-json\/wp\/v2\/pages\/10594\/revisions"}],"predecessor-version":[{"id":12770,"href":"https:\/\/www.fona.gob.ve\/index.php\/wp-json\/wp\/v2\/pages\/10594\/revisions\/12770"}],"wp:attachment":[{"href":"https:\/\/www.fona.gob.ve\/index.php\/wp-json\/wp\/v2\/media?parent=10594"}],"curies":[{"name":"wp","href":"https:\/\/api.w.org\/{rel}","templated":true}]}}