{"id":10577,"date":"2023-03-06T09:16:21","date_gmt":"2023-03-06T13:16:21","guid":{"rendered":"http:\/\/www.fona.gob.ve\/?page_id=10577"},"modified":"2023-03-06T09:25:54","modified_gmt":"2023-03-06T13:25:54","slug":"fiscalizacion","status":"publish","type":"page","link":"https:\/\/www.fona.gob.ve\/index.php\/fiscalizacion\/","title":{"rendered":"Fiscalizacion"},"content":{"rendered":"\t\t<div data-elementor-type=\"wp-page\" data-elementor-id=\"10577\" class=\"elementor elementor-10577\" data-elementor-post-type=\"page\">\n\t\t\t\t\t\t<section class=\"elementor-section elementor-top-section elementor-element elementor-element-90097d6 elementor-section-boxed elementor-section-height-default elementor-section-height-default\" data-id=\"90097d6\" data-element_type=\"section\">\n\t\t\t\t\t\t<div class=\"elementor-container elementor-column-gap-default\">\n\t\t\t\t\t<div class=\"elementor-column elementor-col-100 elementor-top-column elementor-element elementor-element-b881929\" data-id=\"b881929\" data-element_type=\"column\">\n\t\t\t<div class=\"elementor-widget-wrap elementor-element-populated\">\n\t\t\t\t\t\t<div class=\"elementor-element elementor-element-37029c2 elementor-widget elementor-widget-heading\" data-id=\"37029c2\" data-element_type=\"widget\" data-widget_type=\"heading.default\">\n\t\t\t\t<div class=\"elementor-widget-container\">\n\t\t\t<h1 class=\"elementor-heading-title elementor-size-default\">LA DIRECCI\u00d3N DE FISCALIZACI\u00d3N<\/h1>\t\t<\/div>\n\t\t\t\t<\/div>\n\t\t\t\t\t<\/div>\n\t\t<\/div>\n\t\t\t\t\t<\/div>\n\t\t<\/section>\n\t\t\t\t<section class=\"elementor-section elementor-top-section elementor-element elementor-element-21a1885 elementor-section-boxed elementor-section-height-default elementor-section-height-default\" data-id=\"21a1885\" data-element_type=\"section\">\n\t\t\t\t\t\t<div class=\"elementor-container elementor-column-gap-default\">\n\t\t\t\t\t<div class=\"elementor-column elementor-col-100 elementor-top-column elementor-element elementor-element-3779825\" data-id=\"3779825\" data-element_type=\"column\">\n\t\t\t<div class=\"elementor-widget-wrap elementor-element-populated\">\n\t\t\t\t\t\t<div class=\"elementor-element elementor-element-30657c4 elementor-widget elementor-widget-heading\" data-id=\"30657c4\" data-element_type=\"widget\" data-widget_type=\"heading.default\">\n\t\t\t\t<div class=\"elementor-widget-container\">\n\t\t\t<h6 class=\"elementor-heading-title elementor-size-default\">\nPara la direcci\u00f3n de fiscalizaci\u00f3n la captaci\u00f3n de los contribuyentes se realiza por medio de la ejecuci\u00f3n de los procedimientos tributarios establecidos en el C\u00f3digo Org\u00e1nico Tributario (COT) y LOD, ejecutando la determinaci\u00f3n, evaluaci\u00f3n y verificaci\u00f3n de los procesos mediante la emisi\u00f3n de la providencia administrativa.<\/h6>\t\t<\/div>\n\t\t\t\t<\/div>\n\t\t\t\t\t<\/div>\n\t\t<\/div>\n\t\t\t\t\t<\/div>\n\t\t<\/section>\n\t\t\t\t<section class=\"elementor-section elementor-top-section elementor-element elementor-element-b16381c elementor-section-boxed elementor-section-height-default elementor-section-height-default\" data-id=\"b16381c\" data-element_type=\"section\">\n\t\t\t\t\t\t<div class=\"elementor-container elementor-column-gap-default\">\n\t\t\t\t\t<div class=\"elementor-column elementor-col-100 elementor-top-column elementor-element elementor-element-92bf83c\" data-id=\"92bf83c\" data-element_type=\"column\">\n\t\t\t<div class=\"elementor-widget-wrap elementor-element-populated\">\n\t\t\t\t\t\t<div class=\"elementor-element elementor-element-befe973 elementor-widget elementor-widget-heading\" data-id=\"befe973\" data-element_type=\"widget\" data-widget_type=\"heading.default\">\n\t\t\t\t<div class=\"elementor-widget-container\">\n\t\t\t<h2 class=\"elementor-heading-title elementor-size-default\">NUESTROS CONTRIBUYENTES SON:<\/h2>\t\t<\/div>\n\t\t\t\t<\/div>\n\t\t\t\t\t<\/div>\n\t\t<\/div>\n\t\t\t\t\t<\/div>\n\t\t<\/section>\n\t\t\t\t<section class=\"elementor-section elementor-top-section elementor-element elementor-element-36984c6 elementor-section-boxed elementor-section-height-default elementor-section-height-default\" data-id=\"36984c6\" data-element_type=\"section\">\n\t\t\t\t\t\t<div class=\"elementor-container elementor-column-gap-default\">\n\t\t\t\t\t<div class=\"elementor-column elementor-col-50 elementor-top-column elementor-element elementor-element-a9fde15\" data-id=\"a9fde15\" data-element_type=\"column\">\n\t\t\t<div class=\"elementor-widget-wrap elementor-element-populated\">\n\t\t\t\t\t\t<div class=\"elementor-element elementor-element-4437cd4 elementor-widget elementor-widget-image\" data-id=\"4437cd4\" data-element_type=\"widget\" data-widget_type=\"image.default\">\n\t\t\t\t<div class=\"elementor-widget-container\">\n\t\t\t\t\t\t\t\t\t\t\t\t\t<img fetchpriority=\"high\" decoding=\"async\" width=\"940\" height=\"705\" src=\"https:\/\/www.fona.gob.ve\/wp-content\/uploads\/2023\/03\/fona-contribuyentes-2.jpg\" class=\"attachment-large size-large wp-image-10589\" alt=\"\" srcset=\"https:\/\/www.fona.gob.ve\/wp-content\/uploads\/2023\/03\/fona-contribuyentes-2.jpg 960w, https:\/\/www.fona.gob.ve\/wp-content\/uploads\/2023\/03\/fona-contribuyentes-2-300x225.jpg 300w, https:\/\/www.fona.gob.ve\/wp-content\/uploads\/2023\/03\/fona-contribuyentes-2-768x576.jpg 768w, https:\/\/www.fona.gob.ve\/wp-content\/uploads\/2023\/03\/fona-contribuyentes-2-480x360.jpg 480w\" sizes=\"(max-width: 940px) 100vw, 940px\" title=\"\" \/>\t\t\t\t\t\t\t\t\t\t\t\t\t<\/div>\n\t\t\t\t<\/div>\n\t\t\t\t\t<\/div>\n\t\t<\/div>\n\t\t\t\t<div class=\"elementor-column elementor-col-50 elementor-top-column elementor-element elementor-element-9106141\" data-id=\"9106141\" data-element_type=\"column\">\n\t\t\t<div class=\"elementor-widget-wrap elementor-element-populated\">\n\t\t\t\t\t\t<div class=\"elementor-element elementor-element-3de5eea elementor-widget elementor-widget-image\" data-id=\"3de5eea\" data-element_type=\"widget\" data-widget_type=\"image.default\">\n\t\t\t\t<div class=\"elementor-widget-container\">\n\t\t\t\t\t\t\t\t\t\t\t\t\t<img decoding=\"async\" width=\"940\" height=\"705\" src=\"https:\/\/www.fona.gob.ve\/wp-content\/uploads\/2023\/03\/Fona-contribuyentes-especiales-y-normales.jpg.webp\" class=\"attachment-large size-large wp-image-10590\" alt=\"\" srcset=\"https:\/\/www.fona.gob.ve\/wp-content\/uploads\/2023\/03\/Fona-contribuyentes-especiales-y-normales.jpg.webp 960w, https:\/\/www.fona.gob.ve\/wp-content\/uploads\/2023\/03\/Fona-contribuyentes-especiales-y-normales.jpg-300x225.webp 300w, https:\/\/www.fona.gob.ve\/wp-content\/uploads\/2023\/03\/Fona-contribuyentes-especiales-y-normales.jpg-768x576.webp 768w, https:\/\/www.fona.gob.ve\/wp-content\/uploads\/2023\/03\/Fona-contribuyentes-especiales-y-normales.jpg-480x360.webp 480w\" sizes=\"(max-width: 940px) 100vw, 940px\" title=\"\" \/>\t\t\t\t\t\t\t\t\t\t\t\t\t<\/div>\n\t\t\t\t<\/div>\n\t\t\t\t\t<\/div>\n\t\t<\/div>\n\t\t\t\t\t<\/div>\n\t\t<\/section>\n\t\t\t\t<\/div>\n\t\t","protected":false},"excerpt":{"rendered":"<p>LA DIRECCI\u00d3N DE FISCALIZACI\u00d3N Para la direcci\u00f3n de fiscalizaci\u00f3n la captaci\u00f3n de los contribuyentes se realiza por medio de la ejecuci\u00f3n de los procedimientos tributarios establecidos en el C\u00f3digo Org\u00e1nico Tributario (COT) y LOD, ejecutando la determinaci\u00f3n, evaluaci\u00f3n y verificaci\u00f3n de los procesos mediante la emisi\u00f3n de la providencia administrativa. NUESTROS CONTRIBUYENTES SON:<\/p>\n","protected":false},"author":1,"featured_media":0,"parent":0,"menu_order":0,"comment_status":"closed","ping_status":"closed","template":"","meta":{"footnotes":""},"class_list":["post-10577","page","type-page","status-publish","hentry"],"yoast_head":"<!-- This site is optimized with the Yoast SEO plugin v26.4 - https:\/\/yoast.com\/wordpress\/plugins\/seo\/ -->\n<title>Fiscalizacion - Fondo Nacional Antidrogas<\/title>\n<meta name=\"robots\" content=\"index, follow, max-snippet:-1, max-image-preview:large, max-video-preview:-1\" \/>\n<link rel=\"canonical\" href=\"https:\/\/www.fona.gob.ve\/index.php\/fiscalizacion\/\" \/>\n<meta property=\"og:locale\" content=\"es_ES\" \/>\n<meta property=\"og:type\" content=\"article\" \/>\n<meta property=\"og:title\" content=\"Fiscalizacion - Fondo Nacional Antidrogas\" \/>\n<meta property=\"og:description\" content=\"LA DIRECCI\u00d3N DE FISCALIZACI\u00d3N Para la direcci\u00f3n de fiscalizaci\u00f3n la captaci\u00f3n de los contribuyentes se realiza por medio de la ejecuci\u00f3n de los procedimientos tributarios establecidos en el C\u00f3digo Org\u00e1nico Tributario (COT) y LOD, ejecutando la determinaci\u00f3n, evaluaci\u00f3n y verificaci\u00f3n de los procesos mediante la emisi\u00f3n de la providencia administrativa. NUESTROS CONTRIBUYENTES SON:\" \/>\n<meta property=\"og:url\" content=\"https:\/\/www.fona.gob.ve\/index.php\/fiscalizacion\/\" \/>\n<meta property=\"og:site_name\" content=\"Fondo Nacional Antidrogas\" \/>\n<meta property=\"article:modified_time\" content=\"2023-03-06T13:25:54+00:00\" \/>\n<meta property=\"og:image\" content=\"http:\/\/www.fona.gob.ve\/wp-content\/uploads\/2023\/03\/fona-contribuyentes-2.jpg\" \/>\n<meta name=\"twitter:card\" content=\"summary_large_image\" \/>\n<script type=\"application\/ld+json\" class=\"yoast-schema-graph\">{\"@context\":\"https:\/\/schema.org\",\"@graph\":[{\"@type\":\"WebPage\",\"@id\":\"https:\/\/www.fona.gob.ve\/index.php\/fiscalizacion\/\",\"url\":\"https:\/\/www.fona.gob.ve\/index.php\/fiscalizacion\/\",\"name\":\"Fiscalizacion - Fondo Nacional Antidrogas\",\"isPartOf\":{\"@id\":\"https:\/\/www.fona.gob.ve\/#website\"},\"primaryImageOfPage\":{\"@id\":\"https:\/\/www.fona.gob.ve\/index.php\/fiscalizacion\/#primaryimage\"},\"image\":{\"@id\":\"https:\/\/www.fona.gob.ve\/index.php\/fiscalizacion\/#primaryimage\"},\"thumbnailUrl\":\"http:\/\/www.fona.gob.ve\/wp-content\/uploads\/2023\/03\/fona-contribuyentes-2.jpg\",\"datePublished\":\"2023-03-06T13:16:21+00:00\",\"dateModified\":\"2023-03-06T13:25:54+00:00\",\"breadcrumb\":{\"@id\":\"https:\/\/www.fona.gob.ve\/index.php\/fiscalizacion\/#breadcrumb\"},\"inLanguage\":\"es\",\"potentialAction\":[{\"@type\":\"ReadAction\",\"target\":[\"https:\/\/www.fona.gob.ve\/index.php\/fiscalizacion\/\"]}]},{\"@type\":\"ImageObject\",\"inLanguage\":\"es\",\"@id\":\"https:\/\/www.fona.gob.ve\/index.php\/fiscalizacion\/#primaryimage\",\"url\":\"http:\/\/www.fona.gob.ve\/wp-content\/uploads\/2023\/03\/fona-contribuyentes-2.jpg\",\"contentUrl\":\"http:\/\/www.fona.gob.ve\/wp-content\/uploads\/2023\/03\/fona-contribuyentes-2.jpg\"},{\"@type\":\"BreadcrumbList\",\"@id\":\"https:\/\/www.fona.gob.ve\/index.php\/fiscalizacion\/#breadcrumb\",\"itemListElement\":[{\"@type\":\"ListItem\",\"position\":1,\"name\":\"Portada\",\"item\":\"https:\/\/www.fona.gob.ve\/\"},{\"@type\":\"ListItem\",\"position\":2,\"name\":\"Fiscalizacion\"}]},{\"@type\":\"WebSite\",\"@id\":\"https:\/\/www.fona.gob.ve\/#website\",\"url\":\"https:\/\/www.fona.gob.ve\/\",\"name\":\"Fondo Nacional Antidrogas\",\"description\":\"Conoce las acciones, programas y pol\u00edticas del Fondo Nacional Antidrogas (FONA) orientadas a la prevenci\u00f3n, atenci\u00f3n integral y lucha contra el consumo de drogas en Venezuela. Informaci\u00f3n oficial y actualizada.\",\"publisher\":{\"@id\":\"https:\/\/www.fona.gob.ve\/#organization\"},\"potentialAction\":[{\"@type\":\"SearchAction\",\"target\":{\"@type\":\"EntryPoint\",\"urlTemplate\":\"https:\/\/www.fona.gob.ve\/?s={search_term_string}\"},\"query-input\":{\"@type\":\"PropertyValueSpecification\",\"valueRequired\":true,\"valueName\":\"search_term_string\"}}],\"inLanguage\":\"es\"},{\"@type\":\"Organization\",\"@id\":\"https:\/\/www.fona.gob.ve\/#organization\",\"name\":\"Fondo Nacional Antidrogas\",\"url\":\"https:\/\/www.fona.gob.ve\/\",\"logo\":{\"@type\":\"ImageObject\",\"inLanguage\":\"es\",\"@id\":\"https:\/\/www.fona.gob.ve\/#\/schema\/logo\/image\/\",\"url\":\"https:\/\/www.fona.gob.ve\/wp-content\/uploads\/2025\/04\/fona.jpeg\",\"contentUrl\":\"https:\/\/www.fona.gob.ve\/wp-content\/uploads\/2025\/04\/fona.jpeg\",\"width\":1200,\"height\":1200,\"caption\":\"Fondo Nacional Antidrogas\"},\"image\":{\"@id\":\"https:\/\/www.fona.gob.ve\/#\/schema\/logo\/image\/\"}}]}<\/script>\n<!-- \/ Yoast SEO plugin. -->","yoast_head_json":{"title":"Fiscalizacion - Fondo Nacional Antidrogas","robots":{"index":"index","follow":"follow","max-snippet":"max-snippet:-1","max-image-preview":"max-image-preview:large","max-video-preview":"max-video-preview:-1"},"canonical":"https:\/\/www.fona.gob.ve\/index.php\/fiscalizacion\/","og_locale":"es_ES","og_type":"article","og_title":"Fiscalizacion - Fondo Nacional Antidrogas","og_description":"LA DIRECCI\u00d3N DE FISCALIZACI\u00d3N Para la direcci\u00f3n de fiscalizaci\u00f3n la captaci\u00f3n de los contribuyentes se realiza por medio de la ejecuci\u00f3n de los procedimientos tributarios establecidos en el C\u00f3digo Org\u00e1nico Tributario (COT) y LOD, ejecutando la determinaci\u00f3n, evaluaci\u00f3n y verificaci\u00f3n de los procesos mediante la emisi\u00f3n de la providencia administrativa. NUESTROS CONTRIBUYENTES SON:","og_url":"https:\/\/www.fona.gob.ve\/index.php\/fiscalizacion\/","og_site_name":"Fondo Nacional Antidrogas","article_modified_time":"2023-03-06T13:25:54+00:00","og_image":[{"url":"http:\/\/www.fona.gob.ve\/wp-content\/uploads\/2023\/03\/fona-contribuyentes-2.jpg","type":"","width":"","height":""}],"twitter_card":"summary_large_image","schema":{"@context":"https:\/\/schema.org","@graph":[{"@type":"WebPage","@id":"https:\/\/www.fona.gob.ve\/index.php\/fiscalizacion\/","url":"https:\/\/www.fona.gob.ve\/index.php\/fiscalizacion\/","name":"Fiscalizacion - Fondo Nacional Antidrogas","isPartOf":{"@id":"https:\/\/www.fona.gob.ve\/#website"},"primaryImageOfPage":{"@id":"https:\/\/www.fona.gob.ve\/index.php\/fiscalizacion\/#primaryimage"},"image":{"@id":"https:\/\/www.fona.gob.ve\/index.php\/fiscalizacion\/#primaryimage"},"thumbnailUrl":"http:\/\/www.fona.gob.ve\/wp-content\/uploads\/2023\/03\/fona-contribuyentes-2.jpg","datePublished":"2023-03-06T13:16:21+00:00","dateModified":"2023-03-06T13:25:54+00:00","breadcrumb":{"@id":"https:\/\/www.fona.gob.ve\/index.php\/fiscalizacion\/#breadcrumb"},"inLanguage":"es","potentialAction":[{"@type":"ReadAction","target":["https:\/\/www.fona.gob.ve\/index.php\/fiscalizacion\/"]}]},{"@type":"ImageObject","inLanguage":"es","@id":"https:\/\/www.fona.gob.ve\/index.php\/fiscalizacion\/#primaryimage","url":"http:\/\/www.fona.gob.ve\/wp-content\/uploads\/2023\/03\/fona-contribuyentes-2.jpg","contentUrl":"http:\/\/www.fona.gob.ve\/wp-content\/uploads\/2023\/03\/fona-contribuyentes-2.jpg"},{"@type":"BreadcrumbList","@id":"https:\/\/www.fona.gob.ve\/index.php\/fiscalizacion\/#breadcrumb","itemListElement":[{"@type":"ListItem","position":1,"name":"Portada","item":"https:\/\/www.fona.gob.ve\/"},{"@type":"ListItem","position":2,"name":"Fiscalizacion"}]},{"@type":"WebSite","@id":"https:\/\/www.fona.gob.ve\/#website","url":"https:\/\/www.fona.gob.ve\/","name":"Fondo Nacional Antidrogas","description":"Conoce las acciones, programas y pol\u00edticas del Fondo Nacional Antidrogas (FONA) orientadas a la prevenci\u00f3n, atenci\u00f3n integral y lucha contra el consumo de drogas en Venezuela. Informaci\u00f3n oficial y actualizada.","publisher":{"@id":"https:\/\/www.fona.gob.ve\/#organization"},"potentialAction":[{"@type":"SearchAction","target":{"@type":"EntryPoint","urlTemplate":"https:\/\/www.fona.gob.ve\/?s={search_term_string}"},"query-input":{"@type":"PropertyValueSpecification","valueRequired":true,"valueName":"search_term_string"}}],"inLanguage":"es"},{"@type":"Organization","@id":"https:\/\/www.fona.gob.ve\/#organization","name":"Fondo Nacional Antidrogas","url":"https:\/\/www.fona.gob.ve\/","logo":{"@type":"ImageObject","inLanguage":"es","@id":"https:\/\/www.fona.gob.ve\/#\/schema\/logo\/image\/","url":"https:\/\/www.fona.gob.ve\/wp-content\/uploads\/2025\/04\/fona.jpeg","contentUrl":"https:\/\/www.fona.gob.ve\/wp-content\/uploads\/2025\/04\/fona.jpeg","width":1200,"height":1200,"caption":"Fondo Nacional Antidrogas"},"image":{"@id":"https:\/\/www.fona.gob.ve\/#\/schema\/logo\/image\/"}}]}},"_links":{"self":[{"href":"https:\/\/www.fona.gob.ve\/index.php\/wp-json\/wp\/v2\/pages\/10577","targetHints":{"allow":["GET"]}}],"collection":[{"href":"https:\/\/www.fona.gob.ve\/index.php\/wp-json\/wp\/v2\/pages"}],"about":[{"href":"https:\/\/www.fona.gob.ve\/index.php\/wp-json\/wp\/v2\/types\/page"}],"author":[{"embeddable":true,"href":"https:\/\/www.fona.gob.ve\/index.php\/wp-json\/wp\/v2\/users\/1"}],"replies":[{"embeddable":true,"href":"https:\/\/www.fona.gob.ve\/index.php\/wp-json\/wp\/v2\/comments?post=10577"}],"version-history":[{"count":3,"href":"https:\/\/www.fona.gob.ve\/index.php\/wp-json\/wp\/v2\/pages\/10577\/revisions"}],"predecessor-version":[{"id":10593,"href":"https:\/\/www.fona.gob.ve\/index.php\/wp-json\/wp\/v2\/pages\/10577\/revisions\/10593"}],"wp:attachment":[{"href":"https:\/\/www.fona.gob.ve\/index.php\/wp-json\/wp\/v2\/media?parent=10577"}],"curies":[{"name":"wp","href":"https:\/\/api.w.org\/{rel}","templated":true}]}}